{"id":9184,"date":"2020-12-10T11:51:15","date_gmt":"2020-12-11T15:09:52","guid":{"rendered":"https:\/\/alpenpionier.ch\/produkt\/paquet-cadeau\/"},"modified":"2021-03-17T10:47:07","modified_gmt":"2021-03-17T09:47:07","slug":"cadeau","status":"publish","type":"product","link":"https:\/\/alpenpionier.ch\/fr\/produkt\/cadeau\/","title":{"rendered":"Paquet cadeau (sans produits pr\u00e9sent\u00e9s)"},"content":{"rendered":"<p>Souhaitez-vous surprendre vos amis et votre famille avec des produits \u00e0 base de chanvre? On a pens\u00e9 \u00e0 quelque chose. <strong>Rassemblez votre paquet vous-m\u00eame. Choisissez 4 <a href=\"https:\/\/alpenpionier.ch\/fr\/shop-2\/\" target=\"_blank\" rel=\"noopener noreferrer\">produits<\/a> et mettez les dans le panier avec le paquet cadeau.<\/strong> On vous offre le paquet cadeau. Un paquet en carton noir, rembourr\u00e9 avec de la laine de bois (sans les produits pr\u00e9sent\u00e9s). Nous enverrons aussi directement \u00e0 votre melleurs amis si c\u2019est ce que vous voulez. Choisissez simplement le destinataire.<\/p>\n","protected":false},"excerpt":{"rendered":"<p>Rassemblez votre paquet vous-m\u00eame. C\u2019est simple:<br \/>\n1. Choisissez 4 produits<br \/>\n2. Asseyez-vous avec le paquet cadeau dans le panier<br \/>\n3. Donnez-nous un commentaire pour des instructions par si n\u00e9cessaire<br \/>\n4. Choisissez votre adresse ou l\u2019adresse des b\u00e9n\u00e9ficiaires en tant que destinataire<\/p>\n","protected":false},"featured_media":8400,"comment_status":"closed","ping_status":"closed","template":"","meta":[],"product_brand":[],"product_cat":[52,83,59],"product_tag":[],"class_list":{"0":"post-9184","1":"product","2":"type-product","3":"status-publish","4":"has-post-thumbnail","6":"product_cat-comestible-chanvrier","7":"product_cat-base-fr","8":"product_cat-paquet","10":"first","11":"instock","12":"taxable","13":"shipping-taxable","14":"purchasable","15":"product-type-simple"},"yoast_head":"<!-- This site is optimized with the Yoast SEO plugin v26.3 - https:\/\/yoast.com\/wordpress\/plugins\/seo\/ -->\n<title>Le cadeau &quot;chanvre&quot; comme une surprise pour les amis - AlpenPionier<\/title>\n<meta name=\"description\" content=\"Le cadeau avec des produits \u00e0 base de chanvre \u261e Pour les amis ou la famille. A d\u00e9couvrir en ligne d\u00e8s maintenant!\" \/>\n<meta name=\"robots\" content=\"index, follow, max-snippet:-1, max-image-preview:large, max-video-preview:-1\" \/>\n<link rel=\"canonical\" href=\"https:\/\/alpenpionier.ch\/fr\/produkt\/cadeau\/\" \/>\n<meta property=\"og:locale\" content=\"fr_FR\" \/>\n<meta property=\"og:type\" content=\"article\" \/>\n<meta property=\"og:title\" content=\"Le cadeau &quot;chanvre&quot; comme une surprise pour les amis - AlpenPionier\" \/>\n<meta property=\"og:description\" content=\"Le cadeau avec des produits \u00e0 base de chanvre \u261e Pour les amis ou la famille. A d\u00e9couvrir en ligne d\u00e8s maintenant!\" \/>\n<meta property=\"og:url\" content=\"https:\/\/alpenpionier.ch\/fr\/produkt\/cadeau\/\" \/>\n<meta property=\"og:site_name\" content=\"AlpenPionier\" \/>\n<meta property=\"article:publisher\" content=\"https:\/\/www.facebook.com\/alpenpionier\/\" \/>\n<meta property=\"article:modified_time\" content=\"2021-03-17T09:47:07+00:00\" \/>\n<meta property=\"og:image\" content=\"https:\/\/alpenpionier.ch\/wp-content\/uploads\/Geschenkpaket_Weihnachten_diy.png\" \/>\n\t<meta property=\"og:image:width\" content=\"850\" \/>\n\t<meta property=\"og:image:height\" content=\"850\" \/>\n\t<meta property=\"og:image:type\" content=\"image\/png\" \/>\n<meta name=\"twitter:card\" content=\"summary_large_image\" \/>\n<meta name=\"twitter:label1\" content=\"Dur\u00e9e de lecture estim\u00e9e\" \/>\n\t<meta name=\"twitter:data1\" content=\"1 minute\" \/>\n<script type=\"application\/ld+json\" class=\"yoast-schema-graph\">{\"@context\":\"https:\/\/schema.org\",\"@graph\":[{\"@type\":\"WebPage\",\"@id\":\"https:\/\/alpenpionier.ch\/fr\/produkt\/cadeau\/\",\"url\":\"https:\/\/alpenpionier.ch\/fr\/produkt\/cadeau\/\",\"name\":\"Le cadeau \\\"chanvre\\\" comme une surprise pour les amis - AlpenPionier\",\"isPartOf\":{\"@id\":\"https:\/\/alpenpionier.ch\/fr\/#website\"},\"primaryImageOfPage\":{\"@id\":\"https:\/\/alpenpionier.ch\/fr\/produkt\/cadeau\/#primaryimage\"},\"image\":{\"@id\":\"https:\/\/alpenpionier.ch\/fr\/produkt\/cadeau\/#primaryimage\"},\"thumbnailUrl\":\"https:\/\/alpenpionier.ch\/wp-content\/uploads\/Geschenkpaket_Weihnachten_diy.png\",\"datePublished\":\"2020-12-11T15:09:52+00:00\",\"dateModified\":\"2021-03-17T09:47:07+00:00\",\"description\":\"Le cadeau avec des produits \u00e0 base de chanvre \u261e Pour les amis ou la famille. A d\u00e9couvrir en ligne d\u00e8s maintenant!\",\"breadcrumb\":{\"@id\":\"https:\/\/alpenpionier.ch\/fr\/produkt\/cadeau\/#breadcrumb\"},\"inLanguage\":\"fr-FR\",\"potentialAction\":[{\"@type\":\"ReadAction\",\"target\":[\"https:\/\/alpenpionier.ch\/fr\/produkt\/cadeau\/\"]}]},{\"@type\":\"ImageObject\",\"inLanguage\":\"fr-FR\",\"@id\":\"https:\/\/alpenpionier.ch\/fr\/produkt\/cadeau\/#primaryimage\",\"url\":\"https:\/\/alpenpionier.ch\/wp-content\/uploads\/Geschenkpaket_Weihnachten_diy.png\",\"contentUrl\":\"https:\/\/alpenpionier.ch\/wp-content\/uploads\/Geschenkpaket_Weihnachten_diy.png\",\"width\":850,\"height\":850,\"caption\":\"Cadeaux d' AlpenPionier - Rassemblez votre paquet vous-m\u00eame\"},{\"@type\":\"BreadcrumbList\",\"@id\":\"https:\/\/alpenpionier.ch\/fr\/produkt\/cadeau\/#breadcrumb\",\"itemListElement\":[{\"@type\":\"ListItem\",\"position\":1,\"name\":\"Startseite\",\"item\":\"https:\/\/alpenpionier.ch\/fr\/\"},{\"@type\":\"ListItem\",\"position\":2,\"name\":\"Shop\",\"item\":\"https:\/\/alpenpionier.ch\/shop\/\"},{\"@type\":\"ListItem\",\"position\":3,\"name\":\"Paquet cadeau (sans produits pr\u00e9sent\u00e9s)\"}]},{\"@type\":\"WebSite\",\"@id\":\"https:\/\/alpenpionier.ch\/fr\/#website\",\"url\":\"https:\/\/alpenpionier.ch\/fr\/\",\"name\":\"AlpenPionier\",\"description\":\"Lebensmittelhanf von AlpenPionier\",\"publisher\":{\"@id\":\"https:\/\/alpenpionier.ch\/fr\/#organization\"},\"potentialAction\":[{\"@type\":\"SearchAction\",\"target\":{\"@type\":\"EntryPoint\",\"urlTemplate\":\"https:\/\/alpenpionier.ch\/fr\/?s={search_term_string}\"},\"query-input\":{\"@type\":\"PropertyValueSpecification\",\"valueRequired\":true,\"valueName\":\"search_term_string\"}}],\"inLanguage\":\"fr-FR\"},{\"@type\":\"Organization\",\"@id\":\"https:\/\/alpenpionier.ch\/fr\/#organization\",\"name\":\"AlpenPionier\",\"url\":\"https:\/\/alpenpionier.ch\/fr\/\",\"logo\":{\"@type\":\"ImageObject\",\"inLanguage\":\"fr-FR\",\"@id\":\"https:\/\/alpenpionier.ch\/fr\/#\/schema\/logo\/image\/\",\"url\":\"https:\/\/alpenpionier.ch\/wp-content\/uploads\/LogoAlpenPionier-e1556913896416.png\",\"contentUrl\":\"https:\/\/alpenpionier.ch\/wp-content\/uploads\/LogoAlpenPionier-e1556913896416.png\",\"width\":894,\"height\":615,\"caption\":\"AlpenPionier\"},\"image\":{\"@id\":\"https:\/\/alpenpionier.ch\/fr\/#\/schema\/logo\/image\/\"},\"sameAs\":[\"https:\/\/www.facebook.com\/alpenpionier\/\",\"https:\/\/www.instagram.com\/alpenpionier\/\",\"https:\/\/www.linkedin.com\/company\/alpenpionier-ag\",\"https:\/\/www.youtube.com\/channel\/UCz3va7MUfsimozP3EiXIJDg\"]}]}<\/script>\n<!-- \/ Yoast SEO plugin. -->","yoast_head_json":{"title":"Le cadeau \"chanvre\" comme une surprise pour les amis - AlpenPionier","description":"Le cadeau avec des produits \u00e0 base de chanvre \u261e Pour les amis ou la famille. A d\u00e9couvrir en ligne d\u00e8s maintenant!","robots":{"index":"index","follow":"follow","max-snippet":"max-snippet:-1","max-image-preview":"max-image-preview:large","max-video-preview":"max-video-preview:-1"},"canonical":"https:\/\/alpenpionier.ch\/fr\/produkt\/cadeau\/","og_locale":"fr_FR","og_type":"article","og_title":"Le cadeau \"chanvre\" comme une surprise pour les amis - AlpenPionier","og_description":"Le cadeau avec des produits \u00e0 base de chanvre \u261e Pour les amis ou la famille. A d\u00e9couvrir en ligne d\u00e8s maintenant!","og_url":"https:\/\/alpenpionier.ch\/fr\/produkt\/cadeau\/","og_site_name":"AlpenPionier","article_publisher":"https:\/\/www.facebook.com\/alpenpionier\/","article_modified_time":"2021-03-17T09:47:07+00:00","og_image":[{"width":850,"height":850,"url":"https:\/\/alpenpionier.ch\/wp-content\/uploads\/Geschenkpaket_Weihnachten_diy.png","type":"image\/png"}],"twitter_card":"summary_large_image","twitter_misc":{"Dur\u00e9e de lecture estim\u00e9e":"1 minute"},"schema":{"@context":"https:\/\/schema.org","@graph":[{"@type":"WebPage","@id":"https:\/\/alpenpionier.ch\/fr\/produkt\/cadeau\/","url":"https:\/\/alpenpionier.ch\/fr\/produkt\/cadeau\/","name":"Le cadeau \"chanvre\" comme une surprise pour les amis - AlpenPionier","isPartOf":{"@id":"https:\/\/alpenpionier.ch\/fr\/#website"},"primaryImageOfPage":{"@id":"https:\/\/alpenpionier.ch\/fr\/produkt\/cadeau\/#primaryimage"},"image":{"@id":"https:\/\/alpenpionier.ch\/fr\/produkt\/cadeau\/#primaryimage"},"thumbnailUrl":"https:\/\/alpenpionier.ch\/wp-content\/uploads\/Geschenkpaket_Weihnachten_diy.png","datePublished":"2020-12-11T15:09:52+00:00","dateModified":"2021-03-17T09:47:07+00:00","description":"Le cadeau avec des produits \u00e0 base de chanvre \u261e Pour les amis ou la famille. A d\u00e9couvrir en ligne d\u00e8s maintenant!","breadcrumb":{"@id":"https:\/\/alpenpionier.ch\/fr\/produkt\/cadeau\/#breadcrumb"},"inLanguage":"fr-FR","potentialAction":[{"@type":"ReadAction","target":["https:\/\/alpenpionier.ch\/fr\/produkt\/cadeau\/"]}]},{"@type":"ImageObject","inLanguage":"fr-FR","@id":"https:\/\/alpenpionier.ch\/fr\/produkt\/cadeau\/#primaryimage","url":"https:\/\/alpenpionier.ch\/wp-content\/uploads\/Geschenkpaket_Weihnachten_diy.png","contentUrl":"https:\/\/alpenpionier.ch\/wp-content\/uploads\/Geschenkpaket_Weihnachten_diy.png","width":850,"height":850,"caption":"Cadeaux d' AlpenPionier - Rassemblez votre paquet vous-m\u00eame"},{"@type":"BreadcrumbList","@id":"https:\/\/alpenpionier.ch\/fr\/produkt\/cadeau\/#breadcrumb","itemListElement":[{"@type":"ListItem","position":1,"name":"Startseite","item":"https:\/\/alpenpionier.ch\/fr\/"},{"@type":"ListItem","position":2,"name":"Shop","item":"https:\/\/alpenpionier.ch\/shop\/"},{"@type":"ListItem","position":3,"name":"Paquet cadeau (sans produits pr\u00e9sent\u00e9s)"}]},{"@type":"WebSite","@id":"https:\/\/alpenpionier.ch\/fr\/#website","url":"https:\/\/alpenpionier.ch\/fr\/","name":"AlpenPionier","description":"Lebensmittelhanf von AlpenPionier","publisher":{"@id":"https:\/\/alpenpionier.ch\/fr\/#organization"},"potentialAction":[{"@type":"SearchAction","target":{"@type":"EntryPoint","urlTemplate":"https:\/\/alpenpionier.ch\/fr\/?s={search_term_string}"},"query-input":{"@type":"PropertyValueSpecification","valueRequired":true,"valueName":"search_term_string"}}],"inLanguage":"fr-FR"},{"@type":"Organization","@id":"https:\/\/alpenpionier.ch\/fr\/#organization","name":"AlpenPionier","url":"https:\/\/alpenpionier.ch\/fr\/","logo":{"@type":"ImageObject","inLanguage":"fr-FR","@id":"https:\/\/alpenpionier.ch\/fr\/#\/schema\/logo\/image\/","url":"https:\/\/alpenpionier.ch\/wp-content\/uploads\/LogoAlpenPionier-e1556913896416.png","contentUrl":"https:\/\/alpenpionier.ch\/wp-content\/uploads\/LogoAlpenPionier-e1556913896416.png","width":894,"height":615,"caption":"AlpenPionier"},"image":{"@id":"https:\/\/alpenpionier.ch\/fr\/#\/schema\/logo\/image\/"},"sameAs":["https:\/\/www.facebook.com\/alpenpionier\/","https:\/\/www.instagram.com\/alpenpionier\/","https:\/\/www.linkedin.com\/company\/alpenpionier-ag","https:\/\/www.youtube.com\/channel\/UCz3va7MUfsimozP3EiXIJDg"]}]}},"_links":{"self":[{"href":"https:\/\/alpenpionier.ch\/fr\/wp-json\/wp\/v2\/product\/9184","targetHints":{"allow":["GET"]}}],"collection":[{"href":"https:\/\/alpenpionier.ch\/fr\/wp-json\/wp\/v2\/product"}],"about":[{"href":"https:\/\/alpenpionier.ch\/fr\/wp-json\/wp\/v2\/types\/product"}],"replies":[{"embeddable":true,"href":"https:\/\/alpenpionier.ch\/fr\/wp-json\/wp\/v2\/comments?post=9184"}],"wp:featuredmedia":[{"embeddable":true,"href":"https:\/\/alpenpionier.ch\/fr\/wp-json\/wp\/v2\/media\/8400"}],"wp:attachment":[{"href":"https:\/\/alpenpionier.ch\/fr\/wp-json\/wp\/v2\/media?parent=9184"}],"wp:term":[{"taxonomy":"product_brand","embeddable":true,"href":"https:\/\/alpenpionier.ch\/fr\/wp-json\/wp\/v2\/product_brand?post=9184"},{"taxonomy":"product_cat","embeddable":true,"href":"https:\/\/alpenpionier.ch\/fr\/wp-json\/wp\/v2\/product_cat?post=9184"},{"taxonomy":"product_tag","embeddable":true,"href":"https:\/\/alpenpionier.ch\/fr\/wp-json\/wp\/v2\/product_tag?post=9184"}],"curies":[{"name":"wp","href":"https:\/\/api.w.org\/{rel}","templated":true}]}}