{"id":7690,"date":"2018-06-03T11:37:23","date_gmt":"2018-06-03T09:37:23","guid":{"rendered":"https:\/\/alpenpionier.ch\/produkt\/graines-de-chanvre\/"},"modified":"2023-02-06T22:49:10","modified_gmt":"2023-02-06T21:49:10","slug":"graines-de-chanvre","status":"publish","type":"product","link":"https:\/\/alpenpionier.ch\/fr\/produkt\/graines-de-chanvre\/","title":{"rendered":"Graines de chanvre"},"content":{"rendered":"<p>Nos graines de chanvre sont originaires de Suisse, exactement de Suisse romande et sont cultiv\u00e9es et transform\u00e9es selon des proc\u00e9d\u00e9s certifi\u00e9s <a href=\"https:\/\/www.bio-suisse.ch\/\" target=\"_blank\" rel=\"noopener noreferrer\">Bio-Suisse<\/a>. Ils sont un ingr\u00e9dient polyvalent dans la cuisine. Elles sont particuli\u00e8rement savoureuses lorsqu&rsquo;elles sont l\u00e9g\u00e8rement grill\u00e9es \u00e0 la po\u00eale ou au four.<\/p>\n","protected":false},"excerpt":{"rendered":"<p>Graines de chanvre est mon nom. Je suis un vrai musclor et je fournis 20 acides amin\u00e9s pr\u00e9cieux, desfibreset une charge concentr\u00e9e de prot\u00e9ines. J&rsquo;ai pass\u00e9 mon enfance dans les Alpes ensoleill\u00e9es et maintenant, en tant qu&rsquo;adulte, j&rsquo;ai beaucoup \u00e0 faire. Le matin, j&rsquo;aime rafra\u00eechir le muesli et le yaourt. A midi, j&rsquo;aide la salade sur les obstacles et si n\u00e9cessaire, je donne aussi le dernier coup de pied aux p\u00e2tes.<\/p>\n<p><strong>Paquet avec 150g<\/strong><\/p>\n","protected":false},"featured_media":18658,"comment_status":"open","ping_status":"closed","template":"","meta":[],"product_brand":[],"product_cat":[83,52],"product_tag":[],"class_list":{"0":"post-7690","1":"product","2":"type-product","3":"status-publish","4":"has-post-thumbnail","6":"product_cat-base-fr","7":"product_cat-comestible-chanvrier","9":"first","10":"instock","11":"taxable","12":"shipping-taxable","13":"purchasable","14":"product-type-simple"},"yoast_head":"<!-- This site is optimized with the Yoast SEO plugin v27.3 - https:\/\/yoast.com\/product\/yoast-seo-wordpress\/ -->\n<title>Graines de chanvre - De grison en qualit\u00e9 BioSuisse - AlpenPionier<\/title>\n<meta name=\"description\" content=\"Graines de chanvre d&#039;AlpenPionier \u261e Les meilleures graines de chanvre suisse, qui sont cultiv\u00e9es et transform\u00e9es selon des m\u00e9thodes certifi\u00e9es par Bio-Suisse.\" \/>\n<meta name=\"robots\" content=\"index, follow, max-snippet:-1, max-image-preview:large, max-video-preview:-1\" \/>\n<link rel=\"canonical\" href=\"https:\/\/alpenpionier.ch\/fr\/produkt\/graines-de-chanvre\/\" \/>\n<meta property=\"og:locale\" content=\"fr_FR\" \/>\n<meta property=\"og:type\" content=\"article\" \/>\n<meta property=\"og:title\" content=\"Graines de chanvre - De grison en qualit\u00e9 BioSuisse - AlpenPionier\" \/>\n<meta property=\"og:description\" content=\"Graines de chanvre d&#039;AlpenPionier \u261e Les meilleures graines de chanvre suisse, qui sont cultiv\u00e9es et transform\u00e9es selon des m\u00e9thodes certifi\u00e9es par Bio-Suisse.\" \/>\n<meta property=\"og:url\" content=\"https:\/\/alpenpionier.ch\/fr\/produkt\/graines-de-chanvre\/\" \/>\n<meta property=\"og:site_name\" content=\"AlpenPionier\" \/>\n<meta property=\"article:publisher\" content=\"https:\/\/www.facebook.com\/alpenpionier\/\" \/>\n<meta property=\"article:modified_time\" content=\"2023-02-06T21:49:10+00:00\" \/>\n<meta property=\"og:image\" content=\"https:\/\/alpenpionier.ch\/wp-content\/uploads\/HanfNuesse-Produktbild_2020.png\" \/>\n\t<meta property=\"og:image:width\" content=\"850\" \/>\n\t<meta property=\"og:image:height\" content=\"850\" \/>\n\t<meta property=\"og:image:type\" content=\"image\/png\" \/>\n<meta name=\"twitter:card\" content=\"summary_large_image\" \/>\n<script type=\"application\/ld+json\" class=\"yoast-schema-graph\">{\"@context\":\"https:\\\/\\\/schema.org\",\"@graph\":[{\"@type\":\"WebPage\",\"@id\":\"https:\\\/\\\/alpenpionier.ch\\\/fr\\\/produkt\\\/graines-de-chanvre\\\/\",\"url\":\"https:\\\/\\\/alpenpionier.ch\\\/fr\\\/produkt\\\/graines-de-chanvre\\\/\",\"name\":\"Graines de chanvre - De grison en qualit\u00e9 BioSuisse - AlpenPionier\",\"isPartOf\":{\"@id\":\"https:\\\/\\\/alpenpionier.ch\\\/fr\\\/#website\"},\"primaryImageOfPage\":{\"@id\":\"https:\\\/\\\/alpenpionier.ch\\\/fr\\\/produkt\\\/graines-de-chanvre\\\/#primaryimage\"},\"image\":{\"@id\":\"https:\\\/\\\/alpenpionier.ch\\\/fr\\\/produkt\\\/graines-de-chanvre\\\/#primaryimage\"},\"thumbnailUrl\":\"https:\\\/\\\/alpenpionier.ch\\\/wp-content\\\/uploads\\\/Hanfnuesse-neu.png\",\"datePublished\":\"2018-06-03T09:37:23+00:00\",\"dateModified\":\"2023-02-06T21:49:10+00:00\",\"description\":\"Graines de chanvre d'AlpenPionier \u261e Les meilleures graines de chanvre suisse, qui sont cultiv\u00e9es et transform\u00e9es selon des m\u00e9thodes certifi\u00e9es par Bio-Suisse.\",\"breadcrumb\":{\"@id\":\"https:\\\/\\\/alpenpionier.ch\\\/fr\\\/produkt\\\/graines-de-chanvre\\\/#breadcrumb\"},\"inLanguage\":\"fr-FR\",\"potentialAction\":[{\"@type\":\"ReadAction\",\"target\":[\"https:\\\/\\\/alpenpionier.ch\\\/fr\\\/produkt\\\/graines-de-chanvre\\\/\"]}]},{\"@type\":\"ImageObject\",\"inLanguage\":\"fr-FR\",\"@id\":\"https:\\\/\\\/alpenpionier.ch\\\/fr\\\/produkt\\\/graines-de-chanvre\\\/#primaryimage\",\"url\":\"https:\\\/\\\/alpenpionier.ch\\\/wp-content\\\/uploads\\\/Hanfnuesse-neu.png\",\"contentUrl\":\"https:\\\/\\\/alpenpionier.ch\\\/wp-content\\\/uploads\\\/Hanfnuesse-neu.png\",\"width\":1080,\"height\":1350},{\"@type\":\"BreadcrumbList\",\"@id\":\"https:\\\/\\\/alpenpionier.ch\\\/fr\\\/produkt\\\/graines-de-chanvre\\\/#breadcrumb\",\"itemListElement\":[{\"@type\":\"ListItem\",\"position\":1,\"name\":\"Startseite\",\"item\":\"https:\\\/\\\/alpenpionier.ch\\\/fr\\\/\"},{\"@type\":\"ListItem\",\"position\":2,\"name\":\"Shop\",\"item\":\"https:\\\/\\\/alpenpionier.ch\\\/shop\\\/\"},{\"@type\":\"ListItem\",\"position\":3,\"name\":\"Graines de chanvre\"}]},{\"@type\":\"WebSite\",\"@id\":\"https:\\\/\\\/alpenpionier.ch\\\/fr\\\/#website\",\"url\":\"https:\\\/\\\/alpenpionier.ch\\\/fr\\\/\",\"name\":\"AlpenPionier\",\"description\":\"Lebensmittelhanf von AlpenPionier\",\"publisher\":{\"@id\":\"https:\\\/\\\/alpenpionier.ch\\\/fr\\\/#organization\"},\"potentialAction\":[{\"@type\":\"SearchAction\",\"target\":{\"@type\":\"EntryPoint\",\"urlTemplate\":\"https:\\\/\\\/alpenpionier.ch\\\/fr\\\/?s={search_term_string}\"},\"query-input\":{\"@type\":\"PropertyValueSpecification\",\"valueRequired\":true,\"valueName\":\"search_term_string\"}}],\"inLanguage\":\"fr-FR\"},{\"@type\":\"Organization\",\"@id\":\"https:\\\/\\\/alpenpionier.ch\\\/fr\\\/#organization\",\"name\":\"AlpenPionier\",\"url\":\"https:\\\/\\\/alpenpionier.ch\\\/fr\\\/\",\"logo\":{\"@type\":\"ImageObject\",\"inLanguage\":\"fr-FR\",\"@id\":\"https:\\\/\\\/alpenpionier.ch\\\/fr\\\/#\\\/schema\\\/logo\\\/image\\\/\",\"url\":\"https:\\\/\\\/alpenpionier.ch\\\/wp-content\\\/uploads\\\/LogoAlpenPionier-e1556913896416.png\",\"contentUrl\":\"https:\\\/\\\/alpenpionier.ch\\\/wp-content\\\/uploads\\\/LogoAlpenPionier-e1556913896416.png\",\"width\":894,\"height\":615,\"caption\":\"AlpenPionier\"},\"image\":{\"@id\":\"https:\\\/\\\/alpenpionier.ch\\\/fr\\\/#\\\/schema\\\/logo\\\/image\\\/\"},\"sameAs\":[\"https:\\\/\\\/www.facebook.com\\\/alpenpionier\\\/\",\"https:\\\/\\\/www.instagram.com\\\/alpenpionier\\\/\",\"https:\\\/\\\/www.linkedin.com\\\/company\\\/alpenpionier-ag\",\"https:\\\/\\\/www.youtube.com\\\/channel\\\/UCz3va7MUfsimozP3EiXIJDg\"]}]}<\/script>\n<!-- \/ Yoast SEO plugin. -->","yoast_head_json":{"title":"Graines de chanvre - De grison en qualit\u00e9 BioSuisse - AlpenPionier","description":"Graines de chanvre d'AlpenPionier \u261e Les meilleures graines de chanvre suisse, qui sont cultiv\u00e9es et transform\u00e9es selon des m\u00e9thodes certifi\u00e9es par Bio-Suisse.","robots":{"index":"index","follow":"follow","max-snippet":"max-snippet:-1","max-image-preview":"max-image-preview:large","max-video-preview":"max-video-preview:-1"},"canonical":"https:\/\/alpenpionier.ch\/fr\/produkt\/graines-de-chanvre\/","og_locale":"fr_FR","og_type":"article","og_title":"Graines de chanvre - De grison en qualit\u00e9 BioSuisse - AlpenPionier","og_description":"Graines de chanvre d'AlpenPionier \u261e Les meilleures graines de chanvre suisse, qui sont cultiv\u00e9es et transform\u00e9es selon des m\u00e9thodes certifi\u00e9es par Bio-Suisse.","og_url":"https:\/\/alpenpionier.ch\/fr\/produkt\/graines-de-chanvre\/","og_site_name":"AlpenPionier","article_publisher":"https:\/\/www.facebook.com\/alpenpionier\/","article_modified_time":"2023-02-06T21:49:10+00:00","og_image":[{"width":850,"height":850,"url":"https:\/\/alpenpionier.ch\/wp-content\/uploads\/HanfNuesse-Produktbild_2020.png","type":"image\/png"}],"twitter_card":"summary_large_image","schema":{"@context":"https:\/\/schema.org","@graph":[{"@type":"WebPage","@id":"https:\/\/alpenpionier.ch\/fr\/produkt\/graines-de-chanvre\/","url":"https:\/\/alpenpionier.ch\/fr\/produkt\/graines-de-chanvre\/","name":"Graines de chanvre - De grison en qualit\u00e9 BioSuisse - AlpenPionier","isPartOf":{"@id":"https:\/\/alpenpionier.ch\/fr\/#website"},"primaryImageOfPage":{"@id":"https:\/\/alpenpionier.ch\/fr\/produkt\/graines-de-chanvre\/#primaryimage"},"image":{"@id":"https:\/\/alpenpionier.ch\/fr\/produkt\/graines-de-chanvre\/#primaryimage"},"thumbnailUrl":"https:\/\/alpenpionier.ch\/wp-content\/uploads\/Hanfnuesse-neu.png","datePublished":"2018-06-03T09:37:23+00:00","dateModified":"2023-02-06T21:49:10+00:00","description":"Graines de chanvre d'AlpenPionier \u261e Les meilleures graines de chanvre suisse, qui sont cultiv\u00e9es et transform\u00e9es selon des m\u00e9thodes certifi\u00e9es par Bio-Suisse.","breadcrumb":{"@id":"https:\/\/alpenpionier.ch\/fr\/produkt\/graines-de-chanvre\/#breadcrumb"},"inLanguage":"fr-FR","potentialAction":[{"@type":"ReadAction","target":["https:\/\/alpenpionier.ch\/fr\/produkt\/graines-de-chanvre\/"]}]},{"@type":"ImageObject","inLanguage":"fr-FR","@id":"https:\/\/alpenpionier.ch\/fr\/produkt\/graines-de-chanvre\/#primaryimage","url":"https:\/\/alpenpionier.ch\/wp-content\/uploads\/Hanfnuesse-neu.png","contentUrl":"https:\/\/alpenpionier.ch\/wp-content\/uploads\/Hanfnuesse-neu.png","width":1080,"height":1350},{"@type":"BreadcrumbList","@id":"https:\/\/alpenpionier.ch\/fr\/produkt\/graines-de-chanvre\/#breadcrumb","itemListElement":[{"@type":"ListItem","position":1,"name":"Startseite","item":"https:\/\/alpenpionier.ch\/fr\/"},{"@type":"ListItem","position":2,"name":"Shop","item":"https:\/\/alpenpionier.ch\/shop\/"},{"@type":"ListItem","position":3,"name":"Graines de chanvre"}]},{"@type":"WebSite","@id":"https:\/\/alpenpionier.ch\/fr\/#website","url":"https:\/\/alpenpionier.ch\/fr\/","name":"AlpenPionier","description":"Lebensmittelhanf von AlpenPionier","publisher":{"@id":"https:\/\/alpenpionier.ch\/fr\/#organization"},"potentialAction":[{"@type":"SearchAction","target":{"@type":"EntryPoint","urlTemplate":"https:\/\/alpenpionier.ch\/fr\/?s={search_term_string}"},"query-input":{"@type":"PropertyValueSpecification","valueRequired":true,"valueName":"search_term_string"}}],"inLanguage":"fr-FR"},{"@type":"Organization","@id":"https:\/\/alpenpionier.ch\/fr\/#organization","name":"AlpenPionier","url":"https:\/\/alpenpionier.ch\/fr\/","logo":{"@type":"ImageObject","inLanguage":"fr-FR","@id":"https:\/\/alpenpionier.ch\/fr\/#\/schema\/logo\/image\/","url":"https:\/\/alpenpionier.ch\/wp-content\/uploads\/LogoAlpenPionier-e1556913896416.png","contentUrl":"https:\/\/alpenpionier.ch\/wp-content\/uploads\/LogoAlpenPionier-e1556913896416.png","width":894,"height":615,"caption":"AlpenPionier"},"image":{"@id":"https:\/\/alpenpionier.ch\/fr\/#\/schema\/logo\/image\/"},"sameAs":["https:\/\/www.facebook.com\/alpenpionier\/","https:\/\/www.instagram.com\/alpenpionier\/","https:\/\/www.linkedin.com\/company\/alpenpionier-ag","https:\/\/www.youtube.com\/channel\/UCz3va7MUfsimozP3EiXIJDg"]}]}},"_links":{"self":[{"href":"https:\/\/alpenpionier.ch\/fr\/wp-json\/wp\/v2\/product\/7690","targetHints":{"allow":["GET"]}}],"collection":[{"href":"https:\/\/alpenpionier.ch\/fr\/wp-json\/wp\/v2\/product"}],"about":[{"href":"https:\/\/alpenpionier.ch\/fr\/wp-json\/wp\/v2\/types\/product"}],"replies":[{"embeddable":true,"href":"https:\/\/alpenpionier.ch\/fr\/wp-json\/wp\/v2\/comments?post=7690"}],"wp:featuredmedia":[{"embeddable":true,"href":"https:\/\/alpenpionier.ch\/fr\/wp-json\/wp\/v2\/media\/18658"}],"wp:attachment":[{"href":"https:\/\/alpenpionier.ch\/fr\/wp-json\/wp\/v2\/media?parent=7690"}],"wp:term":[{"taxonomy":"product_brand","embeddable":true,"href":"https:\/\/alpenpionier.ch\/fr\/wp-json\/wp\/v2\/product_brand?post=7690"},{"taxonomy":"product_cat","embeddable":true,"href":"https:\/\/alpenpionier.ch\/fr\/wp-json\/wp\/v2\/product_cat?post=7690"},{"taxonomy":"product_tag","embeddable":true,"href":"https:\/\/alpenpionier.ch\/fr\/wp-json\/wp\/v2\/product_tag?post=7690"}],"curies":[{"name":"wp","href":"https:\/\/api.w.org\/{rel}","templated":true}]}}