{"id":11460,"date":"2021-06-01T14:23:02","date_gmt":"2021-06-01T12:23:02","guid":{"rendered":"https:\/\/alpenpionier.ch\/?post_type=product&#038;p=11460"},"modified":"2021-06-01T14:42:48","modified_gmt":"2021-06-01T12:42:48","slug":"graines-de-chanvre-decortiquees-1kg","status":"publish","type":"product","link":"https:\/\/alpenpionier.ch\/fr\/produkt\/graines-de-chanvre-decortiquees-1kg\/","title":{"rendered":"Graines de chanvre d\u00e9cortiqu\u00e9es 1kg"},"content":{"rendered":"<p><strong>Nos graines de chanvre d\u00e9cortiqu\u00e9es en grand conditionnement<\/strong> sont cultiv\u00e9es dans l\u00b4est de la Suisse selon des m\u00e9thodes certifi\u00e9es <a href=\"https:\/\/www.bio-suisse.ch\/\" target=\"_blank\" rel=\"noopener noreferrer\">Bio-Suisse<\/a>, puis d\u00e9cortiqu\u00e9es d\u00e9licatement dans la premi\u00e8re et <strong>unique usine de d\u00e9corticage de chanvre en Suisse<\/strong>, dans nos locaux de Zizers. Ils constituent un ingr\u00e9dient polyvalent dans la cuisineet ont un go\u00fbt de noisette particuli\u00e8rement prononc\u00e9. Cela permet de cr\u00e9er des plats uniques, v\u00e9g\u00e9tariens, v\u00e9gans ou traditionnels. Au centre de la noix.<\/p>\n","protected":false},"excerpt":{"rendered":"<p>Avec notre haute teneur en prot\u00e9ines et les Om\u00e9ga 3 et 6 essentiels, nous sommes la polyvalence absolute: Nous aimons \u00eatre saupoudr\u00e9s sur les porridges et smoothies, \u00eatre m\u00e9lang\u00e9s das l&rsquo;houmous, \u00eatre d\u00e9congel\u00e9s sur la garniture de pizza ou danser dans la cuisine en tant que pesto.<\/p>\n<p><strong>Paquet avec 1kg<br \/>\n<\/strong><\/p>\n","protected":false},"featured_media":18678,"comment_status":"open","ping_status":"closed","template":"","meta":[],"product_brand":[],"product_cat":[52],"product_tag":[],"class_list":{"0":"post-11460","1":"product","2":"type-product","3":"status-publish","4":"has-post-thumbnail","6":"product_cat-comestible-chanvrier","8":"first","9":"instock","10":"taxable","11":"shipping-taxable","12":"purchasable","13":"product-type-simple"},"yoast_head":"<!-- This site is optimized with the Yoast SEO plugin v26.3 - https:\/\/yoast.com\/wordpress\/plugins\/seo\/ -->\n<title>Graines de chanvre d\u00e9cortiqu\u00e9es 1kg - Bio &amp; Suisse - AlpenPionier<\/title>\n<meta name=\"description\" content=\"Noix de chanvre d\u00e9cortiqu\u00e9es d&#039;AlpenPionier \u261e Noix de chanvre biologiques, transform\u00e9es avec pr\u00e9caution par AlpenPionier \u00e0 Zizers (GR).\" \/>\n<meta name=\"robots\" content=\"index, follow, max-snippet:-1, max-image-preview:large, max-video-preview:-1\" \/>\n<link rel=\"canonical\" href=\"https:\/\/alpenpionier.ch\/fr\/produkt\/graines-de-chanvre-decortiquees-1kg\/\" \/>\n<meta property=\"og:locale\" content=\"fr_FR\" \/>\n<meta property=\"og:type\" content=\"article\" \/>\n<meta property=\"og:title\" content=\"Graines de chanvre d\u00e9cortiqu\u00e9es 1kg - Bio &amp; Suisse - AlpenPionier\" \/>\n<meta property=\"og:description\" content=\"Noix de chanvre d\u00e9cortiqu\u00e9es d&#039;AlpenPionier \u261e Noix de chanvre biologiques, transform\u00e9es avec pr\u00e9caution par AlpenPionier \u00e0 Zizers (GR).\" \/>\n<meta property=\"og:url\" content=\"https:\/\/alpenpionier.ch\/fr\/produkt\/graines-de-chanvre-decortiquees-1kg\/\" \/>\n<meta property=\"og:site_name\" content=\"AlpenPionier\" \/>\n<meta property=\"article:publisher\" content=\"https:\/\/www.facebook.com\/alpenpionier\/\" \/>\n<meta property=\"article:modified_time\" content=\"2021-06-01T12:42:48+00:00\" \/>\n<meta property=\"og:image\" content=\"https:\/\/alpenpionier.ch\/wp-content\/uploads\/1kg-Verpackung-ECHT.jpg\" \/>\n\t<meta property=\"og:image:width\" content=\"850\" \/>\n\t<meta property=\"og:image:height\" content=\"850\" \/>\n\t<meta property=\"og:image:type\" content=\"image\/jpeg\" \/>\n<meta name=\"twitter:card\" content=\"summary_large_image\" \/>\n<meta name=\"twitter:label1\" content=\"Dur\u00e9e de lecture estim\u00e9e\" \/>\n\t<meta name=\"twitter:data1\" content=\"1 minute\" \/>\n<script type=\"application\/ld+json\" class=\"yoast-schema-graph\">{\"@context\":\"https:\/\/schema.org\",\"@graph\":[{\"@type\":\"WebPage\",\"@id\":\"https:\/\/alpenpionier.ch\/fr\/produkt\/graines-de-chanvre-decortiquees-1kg\/\",\"url\":\"https:\/\/alpenpionier.ch\/fr\/produkt\/graines-de-chanvre-decortiquees-1kg\/\",\"name\":\"Graines de chanvre d\u00e9cortiqu\u00e9es 1kg - Bio & Suisse - AlpenPionier\",\"isPartOf\":{\"@id\":\"https:\/\/alpenpionier.ch\/fr\/#website\"},\"primaryImageOfPage\":{\"@id\":\"https:\/\/alpenpionier.ch\/fr\/produkt\/graines-de-chanvre-decortiquees-1kg\/#primaryimage\"},\"image\":{\"@id\":\"https:\/\/alpenpionier.ch\/fr\/produkt\/graines-de-chanvre-decortiquees-1kg\/#primaryimage\"},\"thumbnailUrl\":\"https:\/\/alpenpionier.ch\/wp-content\/uploads\/Hanfnuesse-geschaelt-1kg.png\",\"datePublished\":\"2021-06-01T12:23:02+00:00\",\"dateModified\":\"2021-06-01T12:42:48+00:00\",\"description\":\"Noix de chanvre d\u00e9cortiqu\u00e9es d'AlpenPionier \u261e Noix de chanvre biologiques, transform\u00e9es avec pr\u00e9caution par AlpenPionier \u00e0 Zizers (GR).\",\"breadcrumb\":{\"@id\":\"https:\/\/alpenpionier.ch\/fr\/produkt\/graines-de-chanvre-decortiquees-1kg\/#breadcrumb\"},\"inLanguage\":\"fr-FR\",\"potentialAction\":[{\"@type\":\"ReadAction\",\"target\":[\"https:\/\/alpenpionier.ch\/fr\/produkt\/graines-de-chanvre-decortiquees-1kg\/\"]}]},{\"@type\":\"ImageObject\",\"inLanguage\":\"fr-FR\",\"@id\":\"https:\/\/alpenpionier.ch\/fr\/produkt\/graines-de-chanvre-decortiquees-1kg\/#primaryimage\",\"url\":\"https:\/\/alpenpionier.ch\/wp-content\/uploads\/Hanfnuesse-geschaelt-1kg.png\",\"contentUrl\":\"https:\/\/alpenpionier.ch\/wp-content\/uploads\/Hanfnuesse-geschaelt-1kg.png\",\"width\":1080,\"height\":1350},{\"@type\":\"BreadcrumbList\",\"@id\":\"https:\/\/alpenpionier.ch\/fr\/produkt\/graines-de-chanvre-decortiquees-1kg\/#breadcrumb\",\"itemListElement\":[{\"@type\":\"ListItem\",\"position\":1,\"name\":\"Startseite\",\"item\":\"https:\/\/alpenpionier.ch\/fr\/\"},{\"@type\":\"ListItem\",\"position\":2,\"name\":\"Shop\",\"item\":\"https:\/\/alpenpionier.ch\/shop\/\"},{\"@type\":\"ListItem\",\"position\":3,\"name\":\"Graines de chanvre d\u00e9cortiqu\u00e9es 1kg\"}]},{\"@type\":\"WebSite\",\"@id\":\"https:\/\/alpenpionier.ch\/fr\/#website\",\"url\":\"https:\/\/alpenpionier.ch\/fr\/\",\"name\":\"AlpenPionier\",\"description\":\"Lebensmittelhanf von AlpenPionier\",\"publisher\":{\"@id\":\"https:\/\/alpenpionier.ch\/fr\/#organization\"},\"potentialAction\":[{\"@type\":\"SearchAction\",\"target\":{\"@type\":\"EntryPoint\",\"urlTemplate\":\"https:\/\/alpenpionier.ch\/fr\/?s={search_term_string}\"},\"query-input\":{\"@type\":\"PropertyValueSpecification\",\"valueRequired\":true,\"valueName\":\"search_term_string\"}}],\"inLanguage\":\"fr-FR\"},{\"@type\":\"Organization\",\"@id\":\"https:\/\/alpenpionier.ch\/fr\/#organization\",\"name\":\"AlpenPionier\",\"url\":\"https:\/\/alpenpionier.ch\/fr\/\",\"logo\":{\"@type\":\"ImageObject\",\"inLanguage\":\"fr-FR\",\"@id\":\"https:\/\/alpenpionier.ch\/fr\/#\/schema\/logo\/image\/\",\"url\":\"https:\/\/alpenpionier.ch\/wp-content\/uploads\/LogoAlpenPionier-e1556913896416.png\",\"contentUrl\":\"https:\/\/alpenpionier.ch\/wp-content\/uploads\/LogoAlpenPionier-e1556913896416.png\",\"width\":894,\"height\":615,\"caption\":\"AlpenPionier\"},\"image\":{\"@id\":\"https:\/\/alpenpionier.ch\/fr\/#\/schema\/logo\/image\/\"},\"sameAs\":[\"https:\/\/www.facebook.com\/alpenpionier\/\",\"https:\/\/www.instagram.com\/alpenpionier\/\",\"https:\/\/www.linkedin.com\/company\/alpenpionier-ag\",\"https:\/\/www.youtube.com\/channel\/UCz3va7MUfsimozP3EiXIJDg\"]}]}<\/script>\n<!-- \/ Yoast SEO plugin. -->","yoast_head_json":{"title":"Graines de chanvre d\u00e9cortiqu\u00e9es 1kg - Bio & Suisse - AlpenPionier","description":"Noix de chanvre d\u00e9cortiqu\u00e9es d'AlpenPionier \u261e Noix de chanvre biologiques, transform\u00e9es avec pr\u00e9caution par AlpenPionier \u00e0 Zizers (GR).","robots":{"index":"index","follow":"follow","max-snippet":"max-snippet:-1","max-image-preview":"max-image-preview:large","max-video-preview":"max-video-preview:-1"},"canonical":"https:\/\/alpenpionier.ch\/fr\/produkt\/graines-de-chanvre-decortiquees-1kg\/","og_locale":"fr_FR","og_type":"article","og_title":"Graines de chanvre d\u00e9cortiqu\u00e9es 1kg - Bio & Suisse - AlpenPionier","og_description":"Noix de chanvre d\u00e9cortiqu\u00e9es d'AlpenPionier \u261e Noix de chanvre biologiques, transform\u00e9es avec pr\u00e9caution par AlpenPionier \u00e0 Zizers (GR).","og_url":"https:\/\/alpenpionier.ch\/fr\/produkt\/graines-de-chanvre-decortiquees-1kg\/","og_site_name":"AlpenPionier","article_publisher":"https:\/\/www.facebook.com\/alpenpionier\/","article_modified_time":"2021-06-01T12:42:48+00:00","og_image":[{"width":850,"height":850,"url":"https:\/\/alpenpionier.ch\/wp-content\/uploads\/1kg-Verpackung-ECHT.jpg","type":"image\/jpeg"}],"twitter_card":"summary_large_image","twitter_misc":{"Dur\u00e9e de lecture estim\u00e9e":"1 minute"},"schema":{"@context":"https:\/\/schema.org","@graph":[{"@type":"WebPage","@id":"https:\/\/alpenpionier.ch\/fr\/produkt\/graines-de-chanvre-decortiquees-1kg\/","url":"https:\/\/alpenpionier.ch\/fr\/produkt\/graines-de-chanvre-decortiquees-1kg\/","name":"Graines de chanvre d\u00e9cortiqu\u00e9es 1kg - Bio & Suisse - AlpenPionier","isPartOf":{"@id":"https:\/\/alpenpionier.ch\/fr\/#website"},"primaryImageOfPage":{"@id":"https:\/\/alpenpionier.ch\/fr\/produkt\/graines-de-chanvre-decortiquees-1kg\/#primaryimage"},"image":{"@id":"https:\/\/alpenpionier.ch\/fr\/produkt\/graines-de-chanvre-decortiquees-1kg\/#primaryimage"},"thumbnailUrl":"https:\/\/alpenpionier.ch\/wp-content\/uploads\/Hanfnuesse-geschaelt-1kg.png","datePublished":"2021-06-01T12:23:02+00:00","dateModified":"2021-06-01T12:42:48+00:00","description":"Noix de chanvre d\u00e9cortiqu\u00e9es d'AlpenPionier \u261e Noix de chanvre biologiques, transform\u00e9es avec pr\u00e9caution par AlpenPionier \u00e0 Zizers (GR).","breadcrumb":{"@id":"https:\/\/alpenpionier.ch\/fr\/produkt\/graines-de-chanvre-decortiquees-1kg\/#breadcrumb"},"inLanguage":"fr-FR","potentialAction":[{"@type":"ReadAction","target":["https:\/\/alpenpionier.ch\/fr\/produkt\/graines-de-chanvre-decortiquees-1kg\/"]}]},{"@type":"ImageObject","inLanguage":"fr-FR","@id":"https:\/\/alpenpionier.ch\/fr\/produkt\/graines-de-chanvre-decortiquees-1kg\/#primaryimage","url":"https:\/\/alpenpionier.ch\/wp-content\/uploads\/Hanfnuesse-geschaelt-1kg.png","contentUrl":"https:\/\/alpenpionier.ch\/wp-content\/uploads\/Hanfnuesse-geschaelt-1kg.png","width":1080,"height":1350},{"@type":"BreadcrumbList","@id":"https:\/\/alpenpionier.ch\/fr\/produkt\/graines-de-chanvre-decortiquees-1kg\/#breadcrumb","itemListElement":[{"@type":"ListItem","position":1,"name":"Startseite","item":"https:\/\/alpenpionier.ch\/fr\/"},{"@type":"ListItem","position":2,"name":"Shop","item":"https:\/\/alpenpionier.ch\/shop\/"},{"@type":"ListItem","position":3,"name":"Graines de chanvre d\u00e9cortiqu\u00e9es 1kg"}]},{"@type":"WebSite","@id":"https:\/\/alpenpionier.ch\/fr\/#website","url":"https:\/\/alpenpionier.ch\/fr\/","name":"AlpenPionier","description":"Lebensmittelhanf von AlpenPionier","publisher":{"@id":"https:\/\/alpenpionier.ch\/fr\/#organization"},"potentialAction":[{"@type":"SearchAction","target":{"@type":"EntryPoint","urlTemplate":"https:\/\/alpenpionier.ch\/fr\/?s={search_term_string}"},"query-input":{"@type":"PropertyValueSpecification","valueRequired":true,"valueName":"search_term_string"}}],"inLanguage":"fr-FR"},{"@type":"Organization","@id":"https:\/\/alpenpionier.ch\/fr\/#organization","name":"AlpenPionier","url":"https:\/\/alpenpionier.ch\/fr\/","logo":{"@type":"ImageObject","inLanguage":"fr-FR","@id":"https:\/\/alpenpionier.ch\/fr\/#\/schema\/logo\/image\/","url":"https:\/\/alpenpionier.ch\/wp-content\/uploads\/LogoAlpenPionier-e1556913896416.png","contentUrl":"https:\/\/alpenpionier.ch\/wp-content\/uploads\/LogoAlpenPionier-e1556913896416.png","width":894,"height":615,"caption":"AlpenPionier"},"image":{"@id":"https:\/\/alpenpionier.ch\/fr\/#\/schema\/logo\/image\/"},"sameAs":["https:\/\/www.facebook.com\/alpenpionier\/","https:\/\/www.instagram.com\/alpenpionier\/","https:\/\/www.linkedin.com\/company\/alpenpionier-ag","https:\/\/www.youtube.com\/channel\/UCz3va7MUfsimozP3EiXIJDg"]}]}},"_links":{"self":[{"href":"https:\/\/alpenpionier.ch\/fr\/wp-json\/wp\/v2\/product\/11460","targetHints":{"allow":["GET"]}}],"collection":[{"href":"https:\/\/alpenpionier.ch\/fr\/wp-json\/wp\/v2\/product"}],"about":[{"href":"https:\/\/alpenpionier.ch\/fr\/wp-json\/wp\/v2\/types\/product"}],"replies":[{"embeddable":true,"href":"https:\/\/alpenpionier.ch\/fr\/wp-json\/wp\/v2\/comments?post=11460"}],"wp:featuredmedia":[{"embeddable":true,"href":"https:\/\/alpenpionier.ch\/fr\/wp-json\/wp\/v2\/media\/18678"}],"wp:attachment":[{"href":"https:\/\/alpenpionier.ch\/fr\/wp-json\/wp\/v2\/media?parent=11460"}],"wp:term":[{"taxonomy":"product_brand","embeddable":true,"href":"https:\/\/alpenpionier.ch\/fr\/wp-json\/wp\/v2\/product_brand?post=11460"},{"taxonomy":"product_cat","embeddable":true,"href":"https:\/\/alpenpionier.ch\/fr\/wp-json\/wp\/v2\/product_cat?post=11460"},{"taxonomy":"product_tag","embeddable":true,"href":"https:\/\/alpenpionier.ch\/fr\/wp-json\/wp\/v2\/product_tag?post=11460"}],"curies":[{"name":"wp","href":"https:\/\/api.w.org\/{rel}","templated":true}]}}