{"id":7667,"date":"2020-09-23T15:02:46","date_gmt":"2020-09-23T13:02:46","guid":{"rendered":"https:\/\/alpenpionier.ch\/impressum-2\/"},"modified":"2024-07-23T22:43:14","modified_gmt":"2024-07-23T20:43:14","slug":"impressum-2","status":"publish","type":"page","link":"https:\/\/alpenpionier.ch\/fr\/impressum-2\/","title":{"rendered":"Impressum"},"content":{"rendered":"<section class=\"l-section wpb_row height_small\"><div class=\"l-section-h i-cf\"><div class=\"g-cols vc_row via_flex valign_top type_default stacking_default\"><div class=\"vc_col-sm-12 wpb_column vc_column_container\"><div class=\"vc_column-inner\"><div class=\"wpb_wrapper\">[vc_custom_heading text=\u00a0\u00bbImpressum\u00a0\u00bb font_container=\u00a0\u00bbtag:h1|text_align:left|color:%23000000&Prime; use_theme_fonts=\u00a0\u00bbyes\u00a0\u00bb css=\u00a0\u00bb%7B%22default%22%3A%7B%22color%22%3A%22%23000000%22%7D%7D\u00a0\u00bb]<div class=\"wpb_text_column\"><div class=\"wpb_wrapper\"><p style=\"text-align: left;\">Lebensmittelhanf von AlpenPionier &#8211; H\u00e4?! &#8211; Wer seid ihr?<\/p>\n<\/div><\/div><\/div><\/div><\/div><\/div><\/div><\/section><section class=\"l-section wpb_row height_small\"><div class=\"l-section-h i-cf\"><div class=\"g-cols vc_row via_flex valign_top type_default stacking_default\"><div class=\"vc_col-sm-12 wpb_column vc_column_container\"><div class=\"vc_column-inner\"><div class=\"wpb_wrapper\"><div class=\"g-cols wpb_row via_flex valign_top type_default stacking_default\"><div class=\"vc_col-sm-4 wpb_column vc_column_container\"><div class=\"vc_column-inner\"><div class=\"wpb_wrapper\"><div class=\"wpb_text_column\"><div class=\"wpb_wrapper\"><p style=\"text-align: left;\"><strong>Postanschrift &amp; Arbeitsstandorte:<\/strong><\/p>\n<\/div><\/div><div class=\"wpb_text_column\"><div class=\"wpb_wrapper\"><p>Weststrasse 9, 7205 Zizers<\/p>\n<p>Lebensmittelhanf Felder:<br \/>\nGesamtes B\u00fcndnerland, Liechtenstein, St. Gallen und neu im Thurgau<\/p>\n<p>Produktion:<br \/>\nTschiertschen und Ostschweiz<\/p>\n<p>B\u00fcro &amp; Versuchslabor:<br \/>\nZ\u00fcrich<\/p>\n<\/div><\/div><\/div><\/div><\/div><div class=\"vc_col-sm-4 wpb_column vc_column_container\"><div class=\"vc_column-inner\"><div class=\"wpb_wrapper\"><div class=\"wpb_text_column\"><div class=\"wpb_wrapper\"><p style=\"text-align: left;\"><b>ID &amp; Erreichbarkeit:<\/b><\/p>\n<\/div><\/div><div class=\"wpb_text_column\"><div class=\"wpb_wrapper\"><p>UID: CHE-200.217.345<\/p>\n<p>Mail: info@alpenpionier.ch<\/p>\n<p>Telefon: +41 78 716 9096, Mo-Fr 9-16 Uhr<br \/>\nFalls wir den Anruf nicht beantworten k\u00f6nnen, rufen wir schnellst m\u00f6glich zur\u00fcck.<\/p>\n<p>Vielen Dank!<\/p>\n<\/div><\/div><\/div><\/div><\/div><div class=\"vc_col-sm-4 wpb_column vc_column_container\"><div class=\"vc_column-inner\"><div class=\"wpb_wrapper\"><div class=\"wpb_text_column\"><div class=\"wpb_wrapper\"><p style=\"text-align: left;\"><strong>Gesch\u00e4ftsf\u00fchrung &amp; Kreativit\u00e4t:<\/strong><\/p>\n<\/div><\/div><div class=\"wpb_text_column\"><div class=\"wpb_wrapper\"><p>Gesch\u00e4ftsf\u00fchrung:<br \/>\nCarlo Weber, Emanuel Sch\u00fctt<\/p>\n<p>Gestaltung, Film und Text:<br \/>\n<a href=\"http:\/\/www.christianneuenschwander.com\/\">Neuenschwander<\/a> &amp; <a href=\"https:\/\/www.martinluchsinger.com\/\">Luchsinger<\/a><\/p>\n<p>Website:<br \/>\n<a href=\"https:\/\/www.4d-vision.ch\/\" target=\"_blank\" rel=\"noopener noreferrer\">4D Vision &#8211; Marketing Solutions<\/a><\/p>\n<\/div><\/div><\/div><\/div><\/div><\/div><div class=\"g-cols wpb_row via_flex valign_top type_default stacking_default\"><div class=\"vc_col-sm-12 wpb_column vc_column_container\"><div class=\"vc_column-inner\"><div class=\"wpb_wrapper\"><div class=\"w-separator size_medium with_line width_default thick_2 style_solid color_border align_center\"><div class=\"w-separator-h\"><\/div><\/div><div class=\"wpb_text_column\"><div class=\"wpb_wrapper\"><p><strong>Angaben gem\u00e4\u00df \u00a7 5 TMG<\/strong><\/p>\n<p>AlpenPionier AG<br \/>\nWeststrasse 9<br \/>\n7205 Zizers<\/p>\n<p><strong>Vertreten durch:<\/strong><\/p>\n<p>Gesch\u00e4ftsf\u00fchrung:<br \/>\nCarlo Weber, Emanuel Sch\u00fctt<\/p>\n<p><strong>Kontakt:<\/strong><\/p>\n<p>Telefon: +41 78 716 9096<br \/>\nE-Mail: info@alpenpionier.ch<\/p>\n<p><strong>Registereintrag:<\/strong><\/p>\n<p>Eintragung im Handelsregister.<br \/>\nRegistergericht: Graub\u00fcnden<br \/>\nRegisternummer: CH-350.3.012.766-0<\/p>\n<p><strong>Umsatzsteuer:<\/strong><\/p>\n<p>Umsatzsteuer-Identifikationsnummer gem\u00e4\u00df \u00a727 a Umsatzsteuergesetz:<br \/>\nCHE-200.217.345<\/p>\n<p><strong>Angaben zur Berufshaftpflichtversicherung:<\/strong><\/p>\n<p>Name und Sitz des Versicherers:<br \/>\nMobiliar Versicherung<br \/>\nGeltungsraum der Versicherung: &#8211;<\/p>\n<p><strong>Streitschlichtung:<\/strong><\/p>\n<p>Die Europ\u00e4ische Kommission stellt eine Plattform zur Online-Streitbeilegung (OS) bereit: <a href=\"https:\/\/ec.europa.eu\/consumers\/odr\" target=\"_blank\" rel=\"noopener noreferrer\">https:\/\/ec.europa.eu\/consumers\/odr<\/a>.<br \/>\nUnsere E-Mail-Adresse finden Sie oben im Impressum.<\/p>\n<p>Wir sind nicht bereit oder verpflichtet, an Streitbeilegungsverfahren vor einer Verbraucherschlichtungsstelle teilzunehmen.<\/p>\n<p><strong>Haftung f\u00fcr Inhalte:<\/strong><\/p>\n<p>Als Diensteanbieter sind wir gem\u00e4\u00df \u00a7 7 Abs.1 TMG f\u00fcr eigene Inhalte auf diesen Seiten nach den allgemeinen Gesetzen verantwortlich. Nach \u00a7\u00a7 8 bis 10 TMG sind wir als Diensteanbieter jedoch nicht verpflichtet, \u00fcbermittelte oder gespeicherte fremde Informationen zu \u00fcberwachen oder nach Umst\u00e4nden zu forschen, die auf eine rechtswidrige T\u00e4tigkeit hinweisen.<\/p>\n<p>Verpflichtungen zur Entfernung oder Sperrung der Nutzung von Informationen nach den allgemeinen Gesetzen bleiben hiervon unber\u00fchrt. Eine diesbez\u00fcgliche Haftung ist jedoch erst ab dem Zeitpunkt der Kenntnis einer konkreten Rechtsverletzung m\u00f6glich. Bei Bekanntwerden von entsprechenden Rechtsverletzungen werden wir diese Inhalte umgehend entfernen.<\/p>\n<p><strong>Haftung f\u00fcr Links:<\/strong><\/p>\n<p>Unser Angebot enth\u00e4lt Links zu externen Websites Dritter, auf deren Inhalte wir keinen Einfluss haben. Deshalb k\u00f6nnen wir f\u00fcr diese fremden Inhalte auch keine Gew\u00e4hr \u00fcbernehmen. F\u00fcr die Inhalte der verlinkten Seiten ist stets der jeweilige Anbieter oder Betreiber der Seiten verantwortlich. Die verlinkten Seiten wurden zum Zeitpunkt der Verlinkung auf m\u00f6gliche Rechtsverst\u00f6\u00dfe \u00fcberpr\u00fcft. Rechtswidrige Inhalte waren zum Zeitpunkt der Verlinkung nicht erkennbar.<\/p>\n<p>Eine permanente inhaltliche Kontrolle der verlinkten Seiten ist jedoch ohne konkrete Anhaltspunkte einer Rechtsverletzung nicht zumutbar. Bei Bekanntwerden von Rechtsverletzungen werden wir derartige Links umgehend entfernen.<\/p>\n<p><strong>Urheberrecht:<\/strong><\/p>\n<p>Die durch die Seitenbetreiber erstellten Inhalte und Werke auf diesen Seiten unterliegen dem deutschem &amp; schweizerischem Urheberrecht. Die Vervielf\u00e4ltigung, Bearbeitung, Verbreitung und jede Art der Verwertung au\u00dferhalb der Grenzen des Urheberrechtes bed\u00fcrfen der schriftlichen Zustimmung des jeweiligen Autors bzw. Erstellers. Downloads und Kopien dieser Seite sind nur f\u00fcr den privaten, nicht kommerziellen Gebrauch gestattet.<\/p>\n<p>Soweit die Inhalte auf dieser Seite nicht vom Betreiber erstellt wurden, werden die Urheberrechte Dritter beachtet. Insbesondere werden Inhalte Dritter als solche gekennzeichnet. Sollten Sie trotzdem auf eine Urheberrechtsverletzung aufmerksam werden, bitten wir um einen entsprechenden Hinweis. Bei Bekanntwerden von Rechtsverletzungen werden wir derartige Inhalte umgehend entfernen.<\/p>\n<\/div><\/div><\/div><\/div><\/div><\/div><\/div><\/div><\/div><\/div><\/div><\/section>\n","protected":false},"excerpt":{"rendered":"[vc_custom_heading text=\"Impressum\" font_container=\"tag:h1|text_align:left|color:%23000000\" use_theme_fonts=\"yes\" css=\"%7B%22default%22%3A%7B%22color%22%3A%22%23000000%22%7D%7D\"]Lebensmittelhanf von AlpenPionier &#8211; H\u00e4?! &#8211; Wer seid ihr? Postanschrift &amp; Arbeitsstandorte: Weststrasse 9, 7205 Zizers Lebensmittelhanf Felder: Gesamtes B\u00fcndnerland, Liechtenstein, St. Gallen und neu im Thurgau Produktion: Tschiertschen und Ostschweiz B\u00fcro &amp; Versuchslabor: Z\u00fcrich ID &amp; Erreichbarkeit: UID: CHE-200.217.345 Mail: info@alpenpionier.ch Telefon: +41 78 716 9096, Mo-Fr 9-16 Uhr Falls...","protected":false},"author":2,"featured_media":0,"parent":0,"menu_order":26,"comment_status":"closed","ping_status":"closed","template":"","meta":{"footnotes":""},"class_list":["post-7667","page","type-page","status-publish","hentry"],"yoast_head":"<!-- This site is optimized with the Yoast SEO plugin v27.3 - https:\/\/yoast.com\/product\/yoast-seo-wordpress\/ -->\n<title>Impressum der AlpenPionier AG - Genaueres zu uns<\/title>\n<meta name=\"robots\" content=\"noindex, follow\" \/>\n<meta property=\"og:locale\" content=\"fr_FR\" \/>\n<meta property=\"og:type\" content=\"article\" \/>\n<meta property=\"og:title\" content=\"Impressum der AlpenPionier AG - Genaueres zu uns\" \/>\n<meta property=\"og:url\" content=\"https:\/\/alpenpionier.ch\/fr\/impressum-2\/\" \/>\n<meta property=\"og:site_name\" content=\"AlpenPionier\" \/>\n<meta property=\"article:publisher\" content=\"https:\/\/www.facebook.com\/alpenpionier\/\" \/>\n<meta property=\"article:modified_time\" content=\"2024-07-23T20:43:14+00:00\" \/>\n<meta name=\"twitter:card\" content=\"summary_large_image\" \/>\n<meta name=\"twitter:label1\" content=\"Dur\u00e9e de lecture estim\u00e9e\" \/>\n\t<meta name=\"twitter:data1\" content=\"3 minutes\" \/>\n<script type=\"application\/ld+json\" class=\"yoast-schema-graph\">{\"@context\":\"https:\\\/\\\/schema.org\",\"@graph\":[{\"@type\":\"WebPage\",\"@id\":\"https:\\\/\\\/alpenpionier.ch\\\/fr\\\/impressum-2\\\/\",\"url\":\"https:\\\/\\\/alpenpionier.ch\\\/fr\\\/impressum-2\\\/\",\"name\":\"Impressum der AlpenPionier AG - Genaueres zu uns\",\"isPartOf\":{\"@id\":\"https:\\\/\\\/alpenpionier.ch\\\/fr\\\/#website\"},\"datePublished\":\"2020-09-23T13:02:46+00:00\",\"dateModified\":\"2024-07-23T20:43:14+00:00\",\"breadcrumb\":{\"@id\":\"https:\\\/\\\/alpenpionier.ch\\\/fr\\\/impressum-2\\\/#breadcrumb\"},\"inLanguage\":\"fr-FR\",\"potentialAction\":[{\"@type\":\"ReadAction\",\"target\":[\"https:\\\/\\\/alpenpionier.ch\\\/fr\\\/impressum-2\\\/\"]}]},{\"@type\":\"BreadcrumbList\",\"@id\":\"https:\\\/\\\/alpenpionier.ch\\\/fr\\\/impressum-2\\\/#breadcrumb\",\"itemListElement\":[{\"@type\":\"ListItem\",\"position\":1,\"name\":\"Startseite\",\"item\":\"https:\\\/\\\/alpenpionier.ch\\\/fr\\\/\"},{\"@type\":\"ListItem\",\"position\":2,\"name\":\"Impressum\"}]},{\"@type\":\"WebSite\",\"@id\":\"https:\\\/\\\/alpenpionier.ch\\\/fr\\\/#website\",\"url\":\"https:\\\/\\\/alpenpionier.ch\\\/fr\\\/\",\"name\":\"AlpenPionier\",\"description\":\"Lebensmittelhanf von AlpenPionier\",\"publisher\":{\"@id\":\"https:\\\/\\\/alpenpionier.ch\\\/fr\\\/#organization\"},\"potentialAction\":[{\"@type\":\"SearchAction\",\"target\":{\"@type\":\"EntryPoint\",\"urlTemplate\":\"https:\\\/\\\/alpenpionier.ch\\\/fr\\\/?s={search_term_string}\"},\"query-input\":{\"@type\":\"PropertyValueSpecification\",\"valueRequired\":true,\"valueName\":\"search_term_string\"}}],\"inLanguage\":\"fr-FR\"},{\"@type\":\"Organization\",\"@id\":\"https:\\\/\\\/alpenpionier.ch\\\/fr\\\/#organization\",\"name\":\"AlpenPionier\",\"url\":\"https:\\\/\\\/alpenpionier.ch\\\/fr\\\/\",\"logo\":{\"@type\":\"ImageObject\",\"inLanguage\":\"fr-FR\",\"@id\":\"https:\\\/\\\/alpenpionier.ch\\\/fr\\\/#\\\/schema\\\/logo\\\/image\\\/\",\"url\":\"https:\\\/\\\/alpenpionier.ch\\\/wp-content\\\/uploads\\\/LogoAlpenPionier-e1556913896416.png\",\"contentUrl\":\"https:\\\/\\\/alpenpionier.ch\\\/wp-content\\\/uploads\\\/LogoAlpenPionier-e1556913896416.png\",\"width\":894,\"height\":615,\"caption\":\"AlpenPionier\"},\"image\":{\"@id\":\"https:\\\/\\\/alpenpionier.ch\\\/fr\\\/#\\\/schema\\\/logo\\\/image\\\/\"},\"sameAs\":[\"https:\\\/\\\/www.facebook.com\\\/alpenpionier\\\/\",\"https:\\\/\\\/www.instagram.com\\\/alpenpionier\\\/\",\"https:\\\/\\\/www.linkedin.com\\\/company\\\/alpenpionier-ag\",\"https:\\\/\\\/www.youtube.com\\\/channel\\\/UCz3va7MUfsimozP3EiXIJDg\"]}]}<\/script>\n<!-- \/ Yoast SEO plugin. -->","yoast_head_json":{"title":"Impressum der AlpenPionier AG - Genaueres zu uns","robots":{"index":"noindex","follow":"follow"},"og_locale":"fr_FR","og_type":"article","og_title":"Impressum der AlpenPionier AG - Genaueres zu uns","og_url":"https:\/\/alpenpionier.ch\/fr\/impressum-2\/","og_site_name":"AlpenPionier","article_publisher":"https:\/\/www.facebook.com\/alpenpionier\/","article_modified_time":"2024-07-23T20:43:14+00:00","twitter_card":"summary_large_image","twitter_misc":{"Dur\u00e9e de lecture estim\u00e9e":"3 minutes"},"schema":{"@context":"https:\/\/schema.org","@graph":[{"@type":"WebPage","@id":"https:\/\/alpenpionier.ch\/fr\/impressum-2\/","url":"https:\/\/alpenpionier.ch\/fr\/impressum-2\/","name":"Impressum der AlpenPionier AG - Genaueres zu uns","isPartOf":{"@id":"https:\/\/alpenpionier.ch\/fr\/#website"},"datePublished":"2020-09-23T13:02:46+00:00","dateModified":"2024-07-23T20:43:14+00:00","breadcrumb":{"@id":"https:\/\/alpenpionier.ch\/fr\/impressum-2\/#breadcrumb"},"inLanguage":"fr-FR","potentialAction":[{"@type":"ReadAction","target":["https:\/\/alpenpionier.ch\/fr\/impressum-2\/"]}]},{"@type":"BreadcrumbList","@id":"https:\/\/alpenpionier.ch\/fr\/impressum-2\/#breadcrumb","itemListElement":[{"@type":"ListItem","position":1,"name":"Startseite","item":"https:\/\/alpenpionier.ch\/fr\/"},{"@type":"ListItem","position":2,"name":"Impressum"}]},{"@type":"WebSite","@id":"https:\/\/alpenpionier.ch\/fr\/#website","url":"https:\/\/alpenpionier.ch\/fr\/","name":"AlpenPionier","description":"Lebensmittelhanf von AlpenPionier","publisher":{"@id":"https:\/\/alpenpionier.ch\/fr\/#organization"},"potentialAction":[{"@type":"SearchAction","target":{"@type":"EntryPoint","urlTemplate":"https:\/\/alpenpionier.ch\/fr\/?s={search_term_string}"},"query-input":{"@type":"PropertyValueSpecification","valueRequired":true,"valueName":"search_term_string"}}],"inLanguage":"fr-FR"},{"@type":"Organization","@id":"https:\/\/alpenpionier.ch\/fr\/#organization","name":"AlpenPionier","url":"https:\/\/alpenpionier.ch\/fr\/","logo":{"@type":"ImageObject","inLanguage":"fr-FR","@id":"https:\/\/alpenpionier.ch\/fr\/#\/schema\/logo\/image\/","url":"https:\/\/alpenpionier.ch\/wp-content\/uploads\/LogoAlpenPionier-e1556913896416.png","contentUrl":"https:\/\/alpenpionier.ch\/wp-content\/uploads\/LogoAlpenPionier-e1556913896416.png","width":894,"height":615,"caption":"AlpenPionier"},"image":{"@id":"https:\/\/alpenpionier.ch\/fr\/#\/schema\/logo\/image\/"},"sameAs":["https:\/\/www.facebook.com\/alpenpionier\/","https:\/\/www.instagram.com\/alpenpionier\/","https:\/\/www.linkedin.com\/company\/alpenpionier-ag","https:\/\/www.youtube.com\/channel\/UCz3va7MUfsimozP3EiXIJDg"]}]}},"_links":{"self":[{"href":"https:\/\/alpenpionier.ch\/fr\/wp-json\/wp\/v2\/pages\/7667","targetHints":{"allow":["GET"]}}],"collection":[{"href":"https:\/\/alpenpionier.ch\/fr\/wp-json\/wp\/v2\/pages"}],"about":[{"href":"https:\/\/alpenpionier.ch\/fr\/wp-json\/wp\/v2\/types\/page"}],"author":[{"embeddable":true,"href":"https:\/\/alpenpionier.ch\/fr\/wp-json\/wp\/v2\/users\/2"}],"replies":[{"embeddable":true,"href":"https:\/\/alpenpionier.ch\/fr\/wp-json\/wp\/v2\/comments?post=7667"}],"version-history":[{"count":2,"href":"https:\/\/alpenpionier.ch\/fr\/wp-json\/wp\/v2\/pages\/7667\/revisions"}],"predecessor-version":[{"id":7670,"href":"https:\/\/alpenpionier.ch\/fr\/wp-json\/wp\/v2\/pages\/7667\/revisions\/7670"}],"wp:attachment":[{"href":"https:\/\/alpenpionier.ch\/fr\/wp-json\/wp\/v2\/media?parent=7667"}],"curies":[{"name":"wp","href":"https:\/\/api.w.org\/{rel}","templated":true}]}}