{"id":7657,"date":"2020-09-23T13:11:11","date_gmt":"2020-09-23T11:11:11","guid":{"rendered":"https:\/\/alpenpionier.ch\/partenariats\/"},"modified":"2024-07-23T22:43:14","modified_gmt":"2024-07-23T20:43:14","slug":"partenariats","status":"publish","type":"page","link":"https:\/\/alpenpionier.ch\/fr\/partenariats\/","title":{"rendered":"Partenariats"},"content":{"rendered":"<section class=\"l-section wpb_row height_small\"><div class=\"l-section-h i-cf\"><div class=\"g-cols vc_row via_flex valign_top type_default stacking_default\"><div class=\"vc_col-sm-12 wpb_column vc_column_container\"><div class=\"vc_column-inner\"><div class=\"wpb_wrapper\">[vc_custom_heading text=\u00a0\u00bbPartenariats, certifications et adh\u00e9sions\u00a0\u00bb font_container=\u00a0\u00bbtag:h1|text_align:center|color:%23000000&Prime; use_theme_fonts=\u00a0\u00bbyes\u00a0\u00bb css=\u00a0\u00bb%7B%22default%22%3A%7B%22color%22%3A%22%23000000%22%7D%7D\u00a0\u00bb]<div class=\"w-separator size_small\"><\/div><div class=\"wpb_text_column\"><div class=\"wpb_wrapper\"><p style=\"text-align: center;\">Nous avons des certificats, adh\u00e9rents et entretenons des partenariats \u00e9troits. Voici un aper\u00e7u avec des liens.<\/p>\n<\/div><\/div><\/div><\/div><\/div><\/div><\/div><\/section><section class=\"l-section wpb_row height_small\" id=\"partner\"><div class=\"l-section-h i-cf\"><div class=\"g-cols vc_row via_flex valign_top type_default stacking_default\"><div class=\"vc_col-sm-12 wpb_column vc_column_container\"><div class=\"vc_column-inner\"><div class=\"wpb_wrapper\">[vc_custom_heading text=\u00a0\u00bbPartie du r\u00e9seau 360\u00b0 Chanvre\u00a0\u00bb font_container=\u00a0\u00bbtag:h2|text_align:center|color:%23000000&Prime; use_theme_fonts=\u00a0\u00bbyes\u00a0\u00bb css=\u00a0\u00bb%7B%22default%22%3A%7B%22color%22%3A%22%23000000%22%7D%7D\u00a0\u00bb]<div class=\"w-separator size_small\"><\/div><div class=\"wpb_text_column\"><div class=\"wpb_wrapper\"><p style=\"text-align: center;\">Nous remettons le chanvre dans l&rsquo;assiette. Le chanvre comme nourriture. Nos partenaires du r\u00e9seau transforment les autres parties de la plante en divers produits. Qu&rsquo;il s&rsquo;agisse de mat\u00e9riaux de construction de Sch\u00f6nthaler ou de textiles Gl\u00e4rnisch Textil.<\/p>\n<\/div><\/div><\/div><\/div><\/div><\/div><\/div><\/section><section class=\"l-section wpb_row height_small\"><div class=\"l-section-h i-cf\"><div class=\"g-cols vc_row via_flex valign_top type_default stacking_default\"><div class=\"vc_col-sm-6 wpb_column vc_column_container\"><div class=\"vc_column-inner\"><div class=\"wpb_wrapper\"><div class=\"wpb_text_column\"><div class=\"wpb_wrapper\"><h5 style=\"text-align: center;\"><a href=\"https:\/\/www.schoenthaler.com\/de-home\/hanfsteine\/\">Sch\u00f6nthaler Baustoffe<\/a><\/h5>\n<\/div><\/div><div class=\"wpb_text_column\"><div class=\"wpb_wrapper\"><p style=\"text-align: center;\">Sch\u00f6nthaler peut utiliser les pr\u00e9cieux \u00ab\u00a0anas\u00a0\u00bb, c&rsquo;est-\u00e0-dire le bois contenu dans les tiges de chanvre, pour ses pierres de chanvre sp\u00e9cialement d\u00e9velopp\u00e9es. Le mat\u00e9riau est ultra-l\u00e9ger mais tr\u00e8s r\u00e9sistant aux fluctuations du climat et au feu.<\/p>\n<\/div><\/div><div class=\"w-image align_center\"><a target=\" _blank\" rel=\"nofollow\" href=\"https:\/\/www.schoenthaler.com\/de-home\/hanfsteine\/\" aria-label=\"Schoenthaler Baustoffe\" class=\"w-image-h\"><img decoding=\"async\" width=\"250\" height=\"127\" src=\"https:\/\/alpenpionier.ch\/wp-content\/uploads\/Schoenthaler-Baustoffe.jpg\" class=\"attachment-medium size-medium\" alt=\"\" loading=\"lazy\" \/><\/a><\/div><\/div><\/div><\/div><div class=\"vc_col-sm-6 wpb_column vc_column_container\"><div class=\"vc_column-inner\"><div class=\"wpb_wrapper\"><div class=\"wpb_text_column\"><div class=\"wpb_wrapper\"><h5 style=\"text-align: center;\"><a href=\"https:\/\/glaernischtextil.ch\/index.html\">Gl\u00e4rnisch Textil Genossenschaft<\/a><\/h5>\n<\/div><\/div><div class=\"wpb_text_column\"><div class=\"wpb_wrapper\"><p style=\"text-align: center;\">Apr\u00e8s la r\u00e9colte, les tiges sont prises en charge par Gl\u00e4rnisch Textil, qui s\u00e9pare les fibres des composants du bois. Gl\u00e4rnisch Textil transf\u00e8re ainsi les \u00ab\u00a0anas\u00a0\u00bb \u00e0 Sch\u00f6nthaler et transforme les fibres en fils fins, puis en tissu de chanvre.<\/p>\n<\/div><\/div><div class=\"w-image align_center\"><a target=\" _blank\" rel=\"nofollow\" href=\"https:\/\/glaernischtextil.ch\/index.html\" aria-label=\"Glaernisch textil\" class=\"w-image-h\"><img decoding=\"async\" width=\"300\" height=\"90\" src=\"https:\/\/alpenpionier.ch\/wp-content\/uploads\/Glaernisch-textil-300x90.jpeg\" class=\"attachment-medium size-medium\" alt=\"\" loading=\"lazy\" srcset=\"https:\/\/alpenpionier.ch\/wp-content\/uploads\/Glaernisch-textil-300x90.jpeg 300w, https:\/\/alpenpionier.ch\/wp-content\/uploads\/Glaernisch-textil.jpeg 332w\" sizes=\"auto, (max-width: 300px) 100vw, 300px\" \/><\/a><\/div><\/div><\/div><\/div><\/div><\/div><\/section><section class=\"l-section wpb_row height_small\"><div class=\"l-section-h i-cf\"><div class=\"g-cols vc_row via_flex valign_top type_default stacking_default\"><div class=\"vc_col-sm-12 wpb_column vc_column_container\"><div class=\"vc_column-inner\"><div class=\"wpb_wrapper\"><div class=\"w-separator size_small with_line width_default thick_1 style_solid color_border align_center\"><div class=\"w-separator-h\"><\/div><\/div><\/div><\/div><\/div><\/div><\/div><\/section><section class=\"l-section wpb_row height_small\" id=\"zertifikate\"><div class=\"l-section-h i-cf\"><div class=\"g-cols vc_row via_flex valign_top type_default stacking_default\"><div class=\"vc_col-sm-12 wpb_column vc_column_container\"><div class=\"vc_column-inner\"><div class=\"wpb_wrapper\">[vc_custom_heading text=\u00a0\u00bbNos certifications\u00a0\u00bb font_container=\u00a0\u00bbtag:h2|text_align:center|color:%23000000&Prime; use_theme_fonts=\u00a0\u00bbyes\u00a0\u00bb css=\u00a0\u00bb%7B%22default%22%3A%7B%22color%22%3A%22%23000000%22%7D%7D\u00a0\u00bb]<div class=\"w-separator size_small\"><\/div><div class=\"wpb_text_column\"><div class=\"wpb_wrapper\"><p style=\"text-align: center;\">L&rsquo;agriculture biologique et la transformation r\u00e9gionale sont tr\u00e8s importantes pour nous. Gr\u00e2ce \u00e0 nos agriculteurs biologiques innovants, nos mati\u00e8res premi\u00e8res sont de la meilleure qualit\u00e9 biologique et sont principalement produites et transform\u00e9es dans les Grisons. Tous nos produits sont certifi\u00e9s BioSuisse. (<a href=\"https:\/\/alpenpionier.ch\/wp-content\/uploads\/2020_AlpenPionier-AG.pdf\" target=\"_blank\" rel=\"noopener\">Voir ici : Bud Certificate AlpenPionier AG<\/a>) Nous pouvons souligner notre caract\u00e8re r\u00e9gional avec la certification Alpinavera (<a href=\"https:\/\/alpenpionier.ch\/wp-content\/uploads\/Zertifikat-Alpinavera-2019-2021-AlpenPionier.pdf\" target=\"_blank\" rel=\"noopener\">Voir ici : Alpinavera Certificate AlpenPionier AG<\/a>).<\/p>\n<\/div><\/div><\/div><\/div><\/div><\/div><\/div><\/section><section class=\"l-section wpb_row height_small\"><div class=\"l-section-h i-cf\"><div class=\"g-cols vc_row via_flex valign_top type_default stacking_default\"><div class=\"vc_col-sm-4 wpb_column vc_column_container\"><div class=\"vc_column-inner\"><div class=\"wpb_wrapper\"><div class=\"wpb_text_column\"><div class=\"wpb_wrapper\"><h5 style=\"text-align: center;\"><a href=\"https:\/\/www.bio-suisse.ch\/de\/\">BioSuisse Knospe<\/a><\/h5>\n<\/div><\/div><div class=\"w-image align_center\"><a target=\" _blank\" rel=\"nofollow\" href=\"https:\/\/www.bio-suisse.ch\/de\/\" aria-label=\"BioSuisse Logo\" class=\"w-image-h\"><img decoding=\"async\" width=\"100\" height=\"100\" src=\"https:\/\/alpenpionier.ch\/wp-content\/uploads\/BioSuisse-e1501487455728.png\" class=\"attachment-medium size-medium\" alt=\"BioSuisse Logo f\u00fcr AlpenPionier\" loading=\"lazy\" \/><\/a><\/div><\/div><\/div><\/div><div class=\"vc_col-sm-4 wpb_column vc_column_container\"><div class=\"vc_column-inner\"><div class=\"wpb_wrapper\"><div class=\"wpb_text_column\"><div class=\"wpb_wrapper\"><h5 style=\"text-align: center;\"><a href=\"https:\/\/www.bio-test-agro.ch\/\">Bio Test Agro<\/a><\/h5>\n<\/div><\/div><div class=\"w-image align_center\"><a target=\" _blank\" rel=\"nofollow\" href=\"https:\/\/www.bio-test-agro.ch\/\" aria-label=\"Bio Test Agro\" class=\"w-image-h\"><img decoding=\"async\" width=\"350\" height=\"23\" src=\"https:\/\/alpenpionier.ch\/wp-content\/uploads\/Bio-Test-Agro-350x23.png\" class=\"attachment-medium size-medium\" alt=\"\" loading=\"lazy\" srcset=\"https:\/\/alpenpionier.ch\/wp-content\/uploads\/Bio-Test-Agro-350x23.png 350w, https:\/\/alpenpionier.ch\/wp-content\/uploads\/Bio-Test-Agro.png 527w\" sizes=\"auto, (max-width: 350px) 100vw, 350px\" \/><\/a><\/div><\/div><\/div><\/div><div class=\"vc_col-sm-4 wpb_column vc_column_container\"><div class=\"vc_column-inner\"><div class=\"wpb_wrapper\"><div class=\"wpb_text_column\"><div class=\"wpb_wrapper\"><h5 style=\"text-align: center;\"><a href=\"https:\/\/www.alpinavera.ch\/\">Alpinavera<\/a><\/h5>\n<\/div><\/div><div class=\"w-image align_center\"><a target=\" _blank\" rel=\"nofollow\" href=\"https:\/\/www.alpinavera.ch\/\" aria-label=\"Alpinavera\" class=\"w-image-h\"><img decoding=\"async\" width=\"300\" height=\"106\" src=\"https:\/\/alpenpionier.ch\/wp-content\/uploads\/Alpinavera.png\" class=\"attachment-medium size-medium\" alt=\"\" loading=\"lazy\" \/><\/a><\/div><\/div><\/div><\/div><\/div><\/div><\/section><section class=\"l-section wpb_row height_small\"><div class=\"l-section-h i-cf\"><div class=\"g-cols vc_row via_flex valign_top type_default stacking_default\"><div class=\"vc_col-sm-12 wpb_column vc_column_container\"><div class=\"vc_column-inner\"><div class=\"wpb_wrapper\"><div class=\"w-separator size_small with_line width_default thick_1 style_solid color_border align_center\"><div class=\"w-separator-h\"><\/div><\/div><\/div><\/div><\/div><\/div><\/div><\/section><section class=\"l-section wpb_row height_small\"><div class=\"l-section-h i-cf\"><div class=\"g-cols vc_row via_flex valign_top type_default stacking_default\"><div class=\"vc_col-sm-12 wpb_column vc_column_container\"><div class=\"vc_column-inner\"><div class=\"wpb_wrapper\">[vc_custom_heading text=\u00a0\u00bbNos adh\u00e9sions\u00a0\u00bb font_container=\u00a0\u00bbtag:h2|text_align:center\u00a0\u00bb use_theme_fonts=\u00a0\u00bbyes\u00a0\u00bb css=\u00a0\u00bb%7B%22default%22%3A%7B%22color%22%3A%22%23000000%22%7D%7D\u00a0\u00bb]<div class=\"w-separator size_small\"><\/div><div class=\"wpb_text_column\"><div class=\"wpb_wrapper\"><p style=\"text-align: center;\">Afin de r\u00e9aliser notre vision, nous participons activement \u00e0 d&rsquo;importants r\u00e9seaux qui correspondent \u00e0 nos id\u00e9es et \u00e0 nos valeurs. Un \u00e9largissement constant de notre horizon est crucial et amusant.<\/p>\n<\/div><\/div><\/div><\/div><\/div><\/div><\/div><\/section><section class=\"l-section wpb_row height_small\"><div class=\"l-section-h i-cf\"><div class=\"g-cols vc_row via_flex valign_top type_default stacking_default\"><div class=\"vc_col-sm-3 wpb_column vc_column_container\"><div class=\"vc_column-inner\"><div class=\"wpb_wrapper\"><div class=\"wpb_text_column\"><div class=\"wpb_wrapper\"><h5 style=\"text-align: center;\"><a href=\"https:\/\/vegan.ch\/\">Vegane Gesellschaft Schweiz<\/a><\/h5>\n<\/div><\/div><div class=\"w-image align_center\"><a target=\" _blank\" rel=\"nofollow\" href=\"https:\/\/vegan.ch\/\" aria-label=\"Vegane Gesellschaft Schweiz\" class=\"w-image-h\"><img decoding=\"async\" width=\"350\" height=\"113\" src=\"https:\/\/alpenpionier.ch\/wp-content\/uploads\/Vegane-Gesellschaft-Schweiz-350x113.png\" class=\"attachment-medium size-medium\" alt=\"\" loading=\"lazy\" srcset=\"https:\/\/alpenpionier.ch\/wp-content\/uploads\/Vegane-Gesellschaft-Schweiz-350x113.png 350w, https:\/\/alpenpionier.ch\/wp-content\/uploads\/Vegane-Gesellschaft-Schweiz-600x194.png 600w, https:\/\/alpenpionier.ch\/wp-content\/uploads\/Vegane-Gesellschaft-Schweiz.png 602w\" sizes=\"auto, (max-width: 350px) 100vw, 350px\" \/><\/a><\/div><\/div><\/div><\/div><div class=\"vc_col-sm-3 wpb_column vc_column_container\"><div class=\"vc_column-inner\"><div class=\"wpb_wrapper\"><div class=\"wpb_text_column\"><div class=\"wpb_wrapper\"><h5 style=\"text-align: center;\"><a href=\"http:\/\/eiha.org\/\">European Industrial Hemp Association (EIHA)<\/a><\/h5>\n<\/div><\/div><div class=\"w-image align_center\"><a target=\" _blank\" rel=\"nofollow\" href=\"http:\/\/eiha.org\/\" aria-label=\"EIHA\" class=\"w-image-h\"><img decoding=\"async\" width=\"209\" height=\"43\" src=\"https:\/\/alpenpionier.ch\/wp-content\/uploads\/EIHA.png\" class=\"attachment-medium size-medium\" alt=\"\" loading=\"lazy\" \/><\/a><\/div><\/div><\/div><\/div><div class=\"vc_col-sm-3 wpb_column vc_column_container\"><div class=\"vc_column-inner\"><div class=\"wpb_wrapper\"><div class=\"wpb_text_column\"><div class=\"wpb_wrapper\"><h5 style=\"text-align: center;\"><a href=\"https:\/\/ernaehrungsforum-zueri.ch\/\">Ern\u00e4hrungsforum Z\u00fcrich<\/a><\/h5>\n<\/div><\/div><div class=\"w-image align_center\"><a target=\" _blank\" rel=\"nofollow\" href=\"https:\/\/ernaehrungsforum-zueri.ch\/\" aria-label=\"Ernaehrungsforum Zurich\" class=\"w-image-h\"><img decoding=\"async\" width=\"200\" height=\"200\" src=\"https:\/\/alpenpionier.ch\/wp-content\/uploads\/Ernaehrungsforum-Zurich.jpeg\" class=\"attachment-medium size-medium\" alt=\"\" loading=\"lazy\" srcset=\"https:\/\/alpenpionier.ch\/wp-content\/uploads\/Ernaehrungsforum-Zurich.jpeg 200w, https:\/\/alpenpionier.ch\/wp-content\/uploads\/Ernaehrungsforum-Zurich-150x150.jpeg 150w\" sizes=\"auto, (max-width: 200px) 100vw, 200px\" \/><\/a><\/div><\/div><\/div><\/div><div class=\"vc_col-sm-3 wpb_column vc_column_container\"><div class=\"vc_column-inner\"><div class=\"wpb_wrapper\"><div class=\"wpb_text_column\"><div class=\"wpb_wrapper\"><h5 style=\"text-align: center;\"><a href=\"https:\/\/agricultura-regeneratio.org\/\">Agricultura Regeneratio<\/a><\/h5>\n<\/div><\/div><div class=\"w-image align_center\"><a target=\" _blank\" rel=\"nofollow\" href=\"https:\/\/ernaehrungsforum-zueri.ch\/\" aria-label=\"Agricultura regenaratio\" class=\"w-image-h\"><img decoding=\"async\" width=\"300\" height=\"220\" src=\"https:\/\/alpenpionier.ch\/wp-content\/uploads\/Agricultura-regenaratio-300x220.jpg\" class=\"attachment-medium size-medium\" alt=\"\" loading=\"lazy\" srcset=\"https:\/\/alpenpionier.ch\/wp-content\/uploads\/Agricultura-regenaratio-300x220.jpg 300w, https:\/\/alpenpionier.ch\/wp-content\/uploads\/Agricultura-regenaratio-600x441.jpg 600w, https:\/\/alpenpionier.ch\/wp-content\/uploads\/Agricultura-regenaratio-1024x753.jpg 1024w, https:\/\/alpenpionier.ch\/wp-content\/uploads\/Agricultura-regenaratio-1536x1129.jpg 1536w, https:\/\/alpenpionier.ch\/wp-content\/uploads\/Agricultura-regenaratio.jpg 2048w\" sizes=\"auto, (max-width: 300px) 100vw, 300px\" \/><\/a><\/div><\/div><\/div><\/div><\/div><\/div><\/section>\n","protected":false},"excerpt":{"rendered":"[vc_custom_heading text=\"Partenariats, certifications et adh\u00e9sions\" font_container=\"tag:h1|text_align:center|color:%23000000\" use_theme_fonts=\"yes\" css=\"%7B%22default%22%3A%7B%22color%22%3A%22%23000000%22%7D%7D\"]Nous avons des certificats, adh\u00e9rents et entretenons des partenariats \u00e9troits. Voici un aper\u00e7u avec des liens. [vc_custom_heading text=\"Partie du r\u00e9seau 360\u00b0 Chanvre\" font_container=\"tag:h2|text_align:center|color:%23000000\" use_theme_fonts=\"yes\" css=\"%7B%22default%22%3A%7B%22color%22%3A%22%23000000%22%7D%7D\"]Nous remettons le chanvre dans l&rsquo;assiette. Le chanvre comme nourriture. Nos partenaires du r\u00e9seau transforment les autres parties de la plante en divers produits....","protected":false},"author":2,"featured_media":5178,"parent":0,"menu_order":25,"comment_status":"closed","ping_status":"closed","template":"","meta":{"footnotes":""},"class_list":["post-7657","page","type-page","status-publish","has-post-thumbnail","hentry"],"yoast_head":"<!-- This site is optimized with the Yoast SEO plugin v26.3 - https:\/\/yoast.com\/wordpress\/plugins\/seo\/ -->\n<title>Comment travaillons-nous ? - Partenaires certificats et adh\u00e9sions- AlpenPionier<\/title>\n<meta name=\"description\" content=\"AlpenPionier travaille en \u00e9troite collaboration avec des partenaires. Des certificats biologiques et r\u00e9gionaux garantissent \u00e9galement l&#039;excellente qualit\u00e9 des aliments.\" \/>\n<meta name=\"robots\" content=\"index, follow, max-snippet:-1, max-image-preview:large, max-video-preview:-1\" \/>\n<link rel=\"canonical\" href=\"https:\/\/alpenpionier.ch\/fr\/partenariats\/\" \/>\n<meta property=\"og:locale\" content=\"fr_FR\" \/>\n<meta property=\"og:type\" content=\"article\" \/>\n<meta property=\"og:title\" content=\"Comment travaillons-nous ? - Partenaires certificats et adh\u00e9sions- AlpenPionier\" \/>\n<meta property=\"og:description\" content=\"AlpenPionier travaille en \u00e9troite collaboration avec des partenaires. Des certificats biologiques et r\u00e9gionaux garantissent \u00e9galement l&#039;excellente qualit\u00e9 des aliments.\" \/>\n<meta property=\"og:url\" content=\"https:\/\/alpenpionier.ch\/fr\/partenariats\/\" \/>\n<meta property=\"og:site_name\" content=\"AlpenPionier\" \/>\n<meta property=\"article:publisher\" content=\"https:\/\/www.facebook.com\/alpenpionier\/\" \/>\n<meta property=\"article:modified_time\" content=\"2024-07-23T20:43:14+00:00\" \/>\n<meta property=\"og:image\" content=\"https:\/\/alpenpionier.ch\/wp-content\/uploads\/ap_pioniere_banner_blau_pc.jpg\" \/>\n\t<meta property=\"og:image:width\" content=\"2399\" \/>\n\t<meta property=\"og:image:height\" content=\"1836\" \/>\n\t<meta property=\"og:image:type\" content=\"image\/jpeg\" \/>\n<meta name=\"twitter:card\" content=\"summary_large_image\" \/>\n<meta name=\"twitter:label1\" content=\"Dur\u00e9e de lecture estim\u00e9e\" \/>\n\t<meta name=\"twitter:data1\" content=\"4 minutes\" \/>\n<script type=\"application\/ld+json\" class=\"yoast-schema-graph\">{\"@context\":\"https:\/\/schema.org\",\"@graph\":[{\"@type\":\"WebPage\",\"@id\":\"https:\/\/alpenpionier.ch\/fr\/partenariats\/\",\"url\":\"https:\/\/alpenpionier.ch\/fr\/partenariats\/\",\"name\":\"Comment travaillons-nous ? - Partenaires certificats et adh\u00e9sions- AlpenPionier\",\"isPartOf\":{\"@id\":\"https:\/\/alpenpionier.ch\/fr\/#website\"},\"primaryImageOfPage\":{\"@id\":\"https:\/\/alpenpionier.ch\/fr\/partenariats\/#primaryimage\"},\"image\":{\"@id\":\"https:\/\/alpenpionier.ch\/fr\/partenariats\/#primaryimage\"},\"thumbnailUrl\":\"https:\/\/alpenpionier.ch\/wp-content\/uploads\/ap_pioniere_banner_blau_pc.jpg\",\"datePublished\":\"2020-09-23T11:11:11+00:00\",\"dateModified\":\"2024-07-23T20:43:14+00:00\",\"description\":\"AlpenPionier travaille en \u00e9troite collaboration avec des partenaires. Des certificats biologiques et r\u00e9gionaux garantissent \u00e9galement l'excellente qualit\u00e9 des aliments.\",\"breadcrumb\":{\"@id\":\"https:\/\/alpenpionier.ch\/fr\/partenariats\/#breadcrumb\"},\"inLanguage\":\"fr-FR\",\"potentialAction\":[{\"@type\":\"ReadAction\",\"target\":[\"https:\/\/alpenpionier.ch\/fr\/partenariats\/\"]}]},{\"@type\":\"ImageObject\",\"inLanguage\":\"fr-FR\",\"@id\":\"https:\/\/alpenpionier.ch\/fr\/partenariats\/#primaryimage\",\"url\":\"https:\/\/alpenpionier.ch\/wp-content\/uploads\/ap_pioniere_banner_blau_pc.jpg\",\"contentUrl\":\"https:\/\/alpenpionier.ch\/wp-content\/uploads\/ap_pioniere_banner_blau_pc.jpg\",\"width\":2399,\"height\":1836,\"caption\":\"HanfPioniere von AlpenPionier\"},{\"@type\":\"BreadcrumbList\",\"@id\":\"https:\/\/alpenpionier.ch\/fr\/partenariats\/#breadcrumb\",\"itemListElement\":[{\"@type\":\"ListItem\",\"position\":1,\"name\":\"Startseite\",\"item\":\"https:\/\/alpenpionier.ch\/fr\/\"},{\"@type\":\"ListItem\",\"position\":2,\"name\":\"Partenariats\"}]},{\"@type\":\"WebSite\",\"@id\":\"https:\/\/alpenpionier.ch\/fr\/#website\",\"url\":\"https:\/\/alpenpionier.ch\/fr\/\",\"name\":\"AlpenPionier\",\"description\":\"Lebensmittelhanf von AlpenPionier\",\"publisher\":{\"@id\":\"https:\/\/alpenpionier.ch\/fr\/#organization\"},\"potentialAction\":[{\"@type\":\"SearchAction\",\"target\":{\"@type\":\"EntryPoint\",\"urlTemplate\":\"https:\/\/alpenpionier.ch\/fr\/?s={search_term_string}\"},\"query-input\":{\"@type\":\"PropertyValueSpecification\",\"valueRequired\":true,\"valueName\":\"search_term_string\"}}],\"inLanguage\":\"fr-FR\"},{\"@type\":\"Organization\",\"@id\":\"https:\/\/alpenpionier.ch\/fr\/#organization\",\"name\":\"AlpenPionier\",\"url\":\"https:\/\/alpenpionier.ch\/fr\/\",\"logo\":{\"@type\":\"ImageObject\",\"inLanguage\":\"fr-FR\",\"@id\":\"https:\/\/alpenpionier.ch\/fr\/#\/schema\/logo\/image\/\",\"url\":\"https:\/\/alpenpionier.ch\/wp-content\/uploads\/LogoAlpenPionier-e1556913896416.png\",\"contentUrl\":\"https:\/\/alpenpionier.ch\/wp-content\/uploads\/LogoAlpenPionier-e1556913896416.png\",\"width\":894,\"height\":615,\"caption\":\"AlpenPionier\"},\"image\":{\"@id\":\"https:\/\/alpenpionier.ch\/fr\/#\/schema\/logo\/image\/\"},\"sameAs\":[\"https:\/\/www.facebook.com\/alpenpionier\/\",\"https:\/\/www.instagram.com\/alpenpionier\/\",\"https:\/\/www.linkedin.com\/company\/alpenpionier-ag\",\"https:\/\/www.youtube.com\/channel\/UCz3va7MUfsimozP3EiXIJDg\"]}]}<\/script>\n<!-- \/ Yoast SEO plugin. -->","yoast_head_json":{"title":"Comment travaillons-nous ? - Partenaires certificats et adh\u00e9sions- AlpenPionier","description":"AlpenPionier travaille en \u00e9troite collaboration avec des partenaires. Des certificats biologiques et r\u00e9gionaux garantissent \u00e9galement l'excellente qualit\u00e9 des aliments.","robots":{"index":"index","follow":"follow","max-snippet":"max-snippet:-1","max-image-preview":"max-image-preview:large","max-video-preview":"max-video-preview:-1"},"canonical":"https:\/\/alpenpionier.ch\/fr\/partenariats\/","og_locale":"fr_FR","og_type":"article","og_title":"Comment travaillons-nous ? - Partenaires certificats et adh\u00e9sions- AlpenPionier","og_description":"AlpenPionier travaille en \u00e9troite collaboration avec des partenaires. Des certificats biologiques et r\u00e9gionaux garantissent \u00e9galement l'excellente qualit\u00e9 des aliments.","og_url":"https:\/\/alpenpionier.ch\/fr\/partenariats\/","og_site_name":"AlpenPionier","article_publisher":"https:\/\/www.facebook.com\/alpenpionier\/","article_modified_time":"2024-07-23T20:43:14+00:00","og_image":[{"width":2399,"height":1836,"url":"https:\/\/alpenpionier.ch\/wp-content\/uploads\/ap_pioniere_banner_blau_pc.jpg","type":"image\/jpeg"}],"twitter_card":"summary_large_image","twitter_misc":{"Dur\u00e9e de lecture estim\u00e9e":"4 minutes"},"schema":{"@context":"https:\/\/schema.org","@graph":[{"@type":"WebPage","@id":"https:\/\/alpenpionier.ch\/fr\/partenariats\/","url":"https:\/\/alpenpionier.ch\/fr\/partenariats\/","name":"Comment travaillons-nous ? - Partenaires certificats et adh\u00e9sions- AlpenPionier","isPartOf":{"@id":"https:\/\/alpenpionier.ch\/fr\/#website"},"primaryImageOfPage":{"@id":"https:\/\/alpenpionier.ch\/fr\/partenariats\/#primaryimage"},"image":{"@id":"https:\/\/alpenpionier.ch\/fr\/partenariats\/#primaryimage"},"thumbnailUrl":"https:\/\/alpenpionier.ch\/wp-content\/uploads\/ap_pioniere_banner_blau_pc.jpg","datePublished":"2020-09-23T11:11:11+00:00","dateModified":"2024-07-23T20:43:14+00:00","description":"AlpenPionier travaille en \u00e9troite collaboration avec des partenaires. Des certificats biologiques et r\u00e9gionaux garantissent \u00e9galement l'excellente qualit\u00e9 des aliments.","breadcrumb":{"@id":"https:\/\/alpenpionier.ch\/fr\/partenariats\/#breadcrumb"},"inLanguage":"fr-FR","potentialAction":[{"@type":"ReadAction","target":["https:\/\/alpenpionier.ch\/fr\/partenariats\/"]}]},{"@type":"ImageObject","inLanguage":"fr-FR","@id":"https:\/\/alpenpionier.ch\/fr\/partenariats\/#primaryimage","url":"https:\/\/alpenpionier.ch\/wp-content\/uploads\/ap_pioniere_banner_blau_pc.jpg","contentUrl":"https:\/\/alpenpionier.ch\/wp-content\/uploads\/ap_pioniere_banner_blau_pc.jpg","width":2399,"height":1836,"caption":"HanfPioniere von AlpenPionier"},{"@type":"BreadcrumbList","@id":"https:\/\/alpenpionier.ch\/fr\/partenariats\/#breadcrumb","itemListElement":[{"@type":"ListItem","position":1,"name":"Startseite","item":"https:\/\/alpenpionier.ch\/fr\/"},{"@type":"ListItem","position":2,"name":"Partenariats"}]},{"@type":"WebSite","@id":"https:\/\/alpenpionier.ch\/fr\/#website","url":"https:\/\/alpenpionier.ch\/fr\/","name":"AlpenPionier","description":"Lebensmittelhanf von AlpenPionier","publisher":{"@id":"https:\/\/alpenpionier.ch\/fr\/#organization"},"potentialAction":[{"@type":"SearchAction","target":{"@type":"EntryPoint","urlTemplate":"https:\/\/alpenpionier.ch\/fr\/?s={search_term_string}"},"query-input":{"@type":"PropertyValueSpecification","valueRequired":true,"valueName":"search_term_string"}}],"inLanguage":"fr-FR"},{"@type":"Organization","@id":"https:\/\/alpenpionier.ch\/fr\/#organization","name":"AlpenPionier","url":"https:\/\/alpenpionier.ch\/fr\/","logo":{"@type":"ImageObject","inLanguage":"fr-FR","@id":"https:\/\/alpenpionier.ch\/fr\/#\/schema\/logo\/image\/","url":"https:\/\/alpenpionier.ch\/wp-content\/uploads\/LogoAlpenPionier-e1556913896416.png","contentUrl":"https:\/\/alpenpionier.ch\/wp-content\/uploads\/LogoAlpenPionier-e1556913896416.png","width":894,"height":615,"caption":"AlpenPionier"},"image":{"@id":"https:\/\/alpenpionier.ch\/fr\/#\/schema\/logo\/image\/"},"sameAs":["https:\/\/www.facebook.com\/alpenpionier\/","https:\/\/www.instagram.com\/alpenpionier\/","https:\/\/www.linkedin.com\/company\/alpenpionier-ag","https:\/\/www.youtube.com\/channel\/UCz3va7MUfsimozP3EiXIJDg"]}]}},"_links":{"self":[{"href":"https:\/\/alpenpionier.ch\/fr\/wp-json\/wp\/v2\/pages\/7657","targetHints":{"allow":["GET"]}}],"collection":[{"href":"https:\/\/alpenpionier.ch\/fr\/wp-json\/wp\/v2\/pages"}],"about":[{"href":"https:\/\/alpenpionier.ch\/fr\/wp-json\/wp\/v2\/types\/page"}],"author":[{"embeddable":true,"href":"https:\/\/alpenpionier.ch\/fr\/wp-json\/wp\/v2\/users\/2"}],"replies":[{"embeddable":true,"href":"https:\/\/alpenpionier.ch\/fr\/wp-json\/wp\/v2\/comments?post=7657"}],"version-history":[{"count":5,"href":"https:\/\/alpenpionier.ch\/fr\/wp-json\/wp\/v2\/pages\/7657\/revisions"}],"predecessor-version":[{"id":12577,"href":"https:\/\/alpenpionier.ch\/fr\/wp-json\/wp\/v2\/pages\/7657\/revisions\/12577"}],"wp:featuredmedia":[{"embeddable":true,"href":"https:\/\/alpenpionier.ch\/fr\/wp-json\/wp\/v2\/media\/5178"}],"wp:attachment":[{"href":"https:\/\/alpenpionier.ch\/fr\/wp-json\/wp\/v2\/media?parent=7657"}],"curies":[{"name":"wp","href":"https:\/\/api.w.org\/{rel}","templated":true}]}}