{"id":7649,"date":"2020-09-23T13:00:05","date_gmt":"2020-09-23T11:00:05","guid":{"rendered":"https:\/\/alpenpionier.ch\/abg\/"},"modified":"2024-07-23T22:43:13","modified_gmt":"2024-07-23T20:43:13","slug":"agb","status":"publish","type":"page","link":"https:\/\/alpenpionier.ch\/fr\/agb\/","title":{"rendered":"AGB"},"content":{"rendered":"<section class=\"l-section wpb_row height_small\"><div class=\"l-section-h i-cf\"><div class=\"g-cols vc_row via_flex valign_top type_default stacking_default\"><div class=\"vc_col-sm-12 wpb_column vc_column_container\"><div class=\"vc_column-inner\"><div class=\"wpb_wrapper\"><div class=\"wpb_text_column\"><div class=\"wpb_wrapper\"><h3>Allgemeine Gesch\u00e4ftsbedingungen (AGB) der<br \/>\nAlpenPionier AG<\/h3>\n<p style=\"text-align: left;\"><strong>Einleitung<\/strong><br \/>\nDiese Allgemeinen Gesch\u00e4ftsbedingungen (nachfolgend \u201eAGB\u201c) der Firma AlpenPionier AG gelten f\u00fcr s\u00e4mtliche Waren und Dienstleistungen (nachfolgend \u201eProdukte\u201c) von AlpenPionier. Als Kunde wird jede nat\u00fcrliche und juristische Person bezeichnet, welche mit der AlpenPionier AG gesch\u00e4ftliche Beziehungen pflegt.<\/p>\n<p style=\"text-align: left;\"><strong>\u00a71 Geltung der Bedingungen<\/strong><br \/>\n1. Die Gesch\u00e4ftsabwicklung (Angebote, Lieferungen, Leistungen, etc.) mit der AlpenPionier AG erfolgt ausschliesslich aufgrund dieser Gesch\u00e4ftsbedingungen. Mit Bestellung der Produkte gelten diese Bedingungen als angenommen. Abweichende Allgemeine Gesch\u00e4fts- bzw. Einkaufsbedingungen des K\u00e4ufers finden keine Anwendung. Abweichungen von diesen Gesch\u00e4ftsbedingungen sind nur wirksam, wenn die AlpenPionier AG sie schriftlich best\u00e4tigt hat.<\/p>\n<p style=\"text-align: left;\"><strong>\u00a72 Angebot und Vertragsschluss<\/strong><br \/>\n1. Die Darstellung auf der Website der AlpenPionier AG stellen keine rechtlich verbindlichen Angebote dar; sondern es handelt sich um<br \/>\neinen freibleibenden und unverbindlichen Online-Katalog. Erst mit Ihrer Bestellung geben Sie ein verbindliches Angebot ab. Dieses wird erst nach schriftlicher Best\u00e4tigung durch die AlpenPionier AG (bei Zahlungsaufforderung oder Lieferung) f\u00fcr die Alpen-Pionier AG zu einem verbindlichen Vertrag.<br \/>\n2. Eine vom Kunden ausgel\u00f6ste Bestellung gilt somit als eine f\u00fcr ihn verbindliche Offerte und wird mit der Bestellbest\u00e4tigung f\u00fcr beide Parteien verbindlich.<br \/>\n3. Die Angaben in unseren Verkaufsunterlagen (Zeichnungen, Abbildungen, Masse, Gewichte und sonstige Leistungen) sind nur als Richtwerte zu verstehen und stellen keine Zusicherung von Eigenschaften dar, es sei denn, sie werden schriftlich ausdr\u00fccklich als verbindlich bezeichnet.<br \/>\n4. \u00dcberschreitet ein K\u00e4ufer durch eine Bestellung sein Kreditlimit, so sind wir von unserer Lieferverpflichtung entbunden.<br \/>\n5. Ein Beschaffungsrisiko wird von der AlpenPionier AG nicht \u00fcbernommen, auch nicht bei einem Kaufvertrag \u00fcber eine Gattungsware. Die AlpenPionier AG ist nur zur Lieferung aus dem Warenvorrat verpflichtet. Ansonsten gilt der Vertrag als r\u00fcckwirkend dahingefallen.<\/p>\n<p style=\"text-align: left;\"><strong>\u00a73 Widerrufsrecht<\/strong><br \/>\n1. Falls Sie in einem Land wohnen, in dem ein gesetzliches Widerrufsrecht vorgesehen ist, k\u00f6nnen Sie Ihre Vertragserkl\u00e4rung innerhalb von 14 Tagen ohne Angabe von Gr\u00fcnden in Textform (z.B. per Brief oder E-Mail, oder \u2013 wenn Ihnen die Produkte bereits geliefert wurde \u2013 auch durch R\u00fccksendung der Sache) widerrufen. Die Frist beginnt jeweils nach Erhalt einer den gesetzlichen Anforderungen entsprechenden Widerrufsbelehrung, nicht jedoch vor Eingang der Produkte beim Empf\u00e4nger.<br \/>\n2. Im Falle eines wirksamen Widerrufs sind die beiderseits empfangenen Leistungen zur\u00fcckzugew\u00e4hren. F\u00fcr bereits gemachte Nutzung ist Wertersatz zu leisten.<\/p>\n<p style=\"text-align: left;\"><strong>\u00a74 Bestelltext<\/strong><br \/>\n1. Sie erhalten den Bestelltext nach Abschluss des Bestellvorganges via Mail zugestellt.<\/p>\n<p style=\"text-align: left;\"><strong>\u00a75 Preise<\/strong><br \/>\n1. Massgebend sind die folgenden Preise: F\u00fcr Lagerware der zum Zeitpunkt der Bestellung fixierte Preis. Bei Lieferengp\u00e4ssen sowie Besorgungen gilt der Tagespreis am Bestelltag.<br \/>\n2. Die Preise verstehen sich, falls nicht anders angegeben, in Schweizer Franken exklusive der gesetzlichen Mehrwertsteuer, allf\u00e4lliger Z\u00f6lle oder anderweitiger Geb\u00fchren.<\/p>\n<p style=\"text-align: left;\"><strong>\u00a76 Liefer- und Leistungszeit<\/strong><br \/>\n1. Termine und Lieferfristen sind unverbindlich, sofern nicht ausdr\u00fccklich schriftlich etwas anderes vereinbart wurde. Die Angabe bestimmter Lieferfristen und Liefertermine durch die AlpenPionier AG steht unter dem Vorbehalt der richtigen und rechtzeitigen Belieferung der AlpenPionier AG durch Zulieferanten und Hersteller, sowie unter dem Vorbehalt, dass weder h\u00f6here Gewalten noch Dritteinfl\u00fcsse die rechtzeitige Lieferung verhindern oder verz\u00f6gern. Dauert das Leistungshindernis in den vorgenannten F\u00e4llen \u00fcber einen Zeitraum von mehr als 4 Wochen nach den urspr\u00fcnglich geltenden Lieferzeiten an, so sind beide Parteien zum R\u00fccktritt vom Vertrag berechtigt. Weitergehende Anspr\u00fcche, insbesondere auf Schadensersatz, bestehen nicht. In der Regel werden die Produkte innerhalb der Schweiz in einer Woche geliefert. Ins Ausland k\u00f6nnen Lieferfristen von bis zu 2 Monaten auftreten.<br \/>\n2. Lieferungen innerhalb der Schweiz kosten unabh\u00e4ngig vom Gewicht CHF 10 pro Paket und werden durch die Schweizerische Post oder vergleichbare Spediteure ausgeliefert. Wird eine andere Versandart oder Verpackung gew\u00fcnscht, so tr\u00e4gt der Kunde die kompletten Kosten daf\u00fcr.<br \/>\n3. Da f\u00fcr Lieferungen ins Ausland h\u00f6here Kosten anfallen suchen wir auch gemeinsam mit dem Kunden einen Weg wie wir die Bestellung abwickeln k\u00f6nnen. Der Kunde hat die freie Wahl des Spediteurs, muss allerdings auch selber f\u00fcr den kompletten Betrag aufkommen.<\/p>\n<p><strong>\u00a77 Annahmeverzug<\/strong><br \/>\n1. Wenn der K\u00e4ufer nach Ablauf einer ihm gesetzten Nachfrist die Annahme der Liefergegenst\u00e4nde verweigert oder erkl\u00e4rt, die Produkte nicht abnehmen zu wollen, kann die AlpenPionier AG die Erf\u00fcllung des Vertrages verweigern und Schadensersatz wegen Nichterf\u00fcllung verlangen. Die AlpenPionier AG ist berechtigt, als Schadensersatz wahlweise entweder pauschal 25 % des vereinbarten Kaufpreises<br \/>\noder den Ersatz des effektiv entstandenen Schadens vom K\u00e4ufer zu fordern.<\/p>\n<p style=\"text-align: left;\"><strong>\u00a78 Lieferung<\/strong><br \/>\n1. Sichtbare Mengendifferenzen m\u00fcssen sofort bei Warenerhalt, verdeckte Mengendifferenzen innerhalb von 4 Tagen nach Warenerhalt an die AlpenPionier AG und dem Frachtf\u00fchrer schriftlich angezeigt werden. Beanstandungen betreffend Besch\u00e4digung, Versp\u00e4tung, Verlust oder schlechter Verpackung sind sofort nach Eingang der Warensendung anzumelden.<\/p>\n<p style=\"text-align: left;\"><strong>\u00a79 Gew\u00e4hrleistung<\/strong><br \/>\n1. Die Gew\u00e4hrleistung nach Massgabe der folgenden Bestimmungen wird mit dem Mindesthaltbarkeitsdatum auf den Produkten angegeben, wenn nicht ausdr\u00fccklich schriftlich etwas anderes vereinbart wurde. Eine Gew\u00e4hrleistung von 2 Jahren gilt bei Produkten, welche ohne Mindesthaltbarkeitsdatum deklariert wurden.<br \/>\n2. Falls ein Mangel auf unsachgem\u00e4sse Benutzung, Lagerung und Handhabung der Produkte zur\u00fcckzuf\u00fchren ist, so entf\u00e4llt jede Gew\u00e4hrleistung, soweit der Mangel hierauf zur\u00fcckzuf\u00fchren ist.<br \/>\n3. Unwesentliche Abweichungen von zugesicherten Eigenschaften der Produkte l\u00f6sen keine Gew\u00e4hrleistungsrechte aus.<br \/>\n4. Eine Haftung f\u00fcr normale Abnutzung, sowie Verbrauchsmaterial\/Zubeh\u00f6r\/beigelegtes Material ist ausgeschlossen.<br \/>\n5. Gew\u00e4hrleistungsanspr\u00fcche gegen die AlpenPionier AG stehen nur dem unmittelbaren K\u00e4ufer zu und sind nicht abtretbar.<\/p>\n<p style=\"text-align: left;\"><strong>\u00a710 Retouren<\/strong><br \/>\n1. F\u00fcr Retouren verlangen wir, dass das betroffene Produkt mit detaillierter Beschreibung des Grundes sowie einer Kopie der Rechnung, mit der das Produkt geliefert wurde, an die AlpenPionier AG eingeschickt oder angeliefert wird. Die Versandkosten sind vom K\u00e4ufer zu tragen. Die Gew\u00e4hrleistung beschr\u00e4nkt sich ausschliesslich auf die Reparatur oder den Austausch der besch\u00e4digten Lieferungsgegenst\u00e4nde.<\/p>\n<p style=\"text-align: left;\"><strong>\u00a711 Eigentumsvorbehalt<\/strong><br \/>\n1. Die gelieferten Produkte bleiben bis zur vollst\u00e4ndigen Bezahlung Eigentum der AlpenPionier AG.<\/p>\n<p style=\"text-align: left;\"><strong>\u00a712 Zahlung<\/strong><br \/>\n1. Die Rechnungen sind je nach Vereinbarung per Vorkasse, Bar, Kreditkarte, Bank\u00fcberweisung oder innert 10 Tagen rein netto zur Zahlung f\u00e4llig, soweit nicht anders vereinbart. Die Lieferung erfolgt grunds\u00e4tzlich unfrei, d.h. zu Lasten des K\u00e4ufers per Paketpost, Spedition oder eigenem Fahrzeug, ausser es wurde ausdr\u00fccklich etwas anderes vereinbart.<br \/>\n2. Eine Zahlung gilt erst dann als erfolgt, wenn die AlpenPionier AG \u00fcber den Betrag verf\u00fcgen k\u00f6nnen.<br \/>\n3. Zahlt der K\u00e4ufer nicht innerhalb von 10 Tagen den vollen Rechnungsbetrag, so werden ab der zweiten Mahnung Spesen f\u00fcr unsere Umtriebe verrechnet. Die Spesen belaufen sich auf CHF 25.- pro Mahnung.<br \/>\n4. Durch Mahnung des K\u00e4ufers ger\u00e4t dieser in Verzug. Ab Verzugsbeginn sind wir berechtigt, Zinsen in H\u00f6he von 5 % zu berechnen. W\u00e4hrend der Dauer des Verzuges ist die AlpenPionier AG auch jederzeit berechtigt, vom Vertrag zur\u00fcckzutreten, die gelieferten Produkte zur\u00fcckzuverlangen und Schadensersatz auf das Dahinfallen des Vertrages zu fordern.<br \/>\n5. Alle Forderungen werden sofort f\u00e4llig, wenn der Abnehmer in Zahlungsverzug ger\u00e4t, sonstige wesentliche Verpflichtungen aus dem Vertrag schuldhaft nicht einh\u00e4lt oder wenn uns Umst\u00e4nde bekannt werden, die geeignet sind, die Kreditw\u00fcrdigkeit des Abnehmers zu mindern, insbesondere Zahlungseinstellung, Anh\u00e4ngigkeit eines Vergleichs- oder Konkursverfahrens. In diesen F\u00e4llen sind wir berechtigt, noch ausstehende Lieferungen zur\u00fcckzubehalten oder nur gegen Vorauszahlung oder Sicherheiten auszuf\u00fchren.<\/p>\n<p style=\"text-align: left;\"><strong>\u00a713 Haftungsbeschr\u00e4nkung<\/strong><br \/>\n1. Schadensersatzanspr\u00fcche sind sowohl gegen die AlpenPionier AG, als auch gegen unsere Erf\u00fcllungs- bzw. Verrichtungsgehilfen ausgeschlossen, soweit nicht vors\u00e4tzliches oder grob fahrl\u00e4ssiges Handeln vorliegt. F\u00fcr Folgesch\u00e4den wird jede Haftung abgelehnt.<\/p>\n<p style=\"text-align: left;\"><strong>\u00a714 Datenschutz<\/strong><br \/>\n1. Die AlpenPionier AG ist berechtigt, die bez\u00fcglich der Gesch\u00e4ftsverbindungen oder im Zusammenhang mit diesen erhaltenen Daten \u00fcber den K\u00e4ufer, gleich ob diese vom K\u00e4ufer selbst oder von Dritten stammen, im Sinne des Bundesdatenschutzgesetzes zu verarbeiten.<br \/>\n2. Pers\u00f6nliche Kundendaten werden vertraulich behandelt und nicht an Dritte weitergegeben.<\/p>\n<p style=\"text-align: left;\"><strong>\u00a715 Anwendbares Recht \/ Gerichtsstand<\/strong><br \/>\n1. Auf das Vertragsverh\u00e4ltnis zwischen dem Kunden und der AlpenPionier AG ist ausschliesslich materielles schweizerisches Recht anwendbar, unter Ausschluss staatsvertraglicher Normen, insbesondere des UN-Kaufrechts (\u00dcbereinkommen der Vereinten Nationen vom<br \/>\n11. April 1980 \u00fcber Vertr\u00e4ge \u00fcber den internationalen Warenverkehr). Ausschliesslicher Gerichtsstand f\u00fcr Streitigkeiten zwischen dem Kunden und der AlpenPionier AG ist Chur.<\/p>\n<p style=\"text-align: left;\">Zizers, August 2020<\/p>\n<\/div><\/div><\/div><\/div><\/div><\/div><\/div><\/section>\n","protected":false},"excerpt":{"rendered":"Allgemeine Gesch\u00e4ftsbedingungen (AGB) der AlpenPionier AG Einleitung Diese Allgemeinen Gesch\u00e4ftsbedingungen (nachfolgend \u201eAGB\u201c) der Firma AlpenPionier AG gelten f\u00fcr s\u00e4mtliche Waren und Dienstleistungen (nachfolgend \u201eProdukte\u201c) von AlpenPionier. Als Kunde wird jede nat\u00fcrliche und juristische Person bezeichnet, welche mit der AlpenPionier AG gesch\u00e4ftliche Beziehungen pflegt. \u00a71 Geltung der Bedingungen 1. Die Gesch\u00e4ftsabwicklung (Angebote, Lieferungen, Leistungen, etc.) mit...","protected":false},"author":2,"featured_media":0,"parent":0,"menu_order":20,"comment_status":"closed","ping_status":"closed","template":"","meta":{"footnotes":""},"class_list":["post-7649","page","type-page","status-publish","hentry"],"yoast_head":"<!-- This site is optimized with the Yoast SEO plugin v27.3 - https:\/\/yoast.com\/product\/yoast-seo-wordpress\/ -->\n<title>Allgemeine Gesch\u00e4ftsbedingungen - AGB - AlpenPionier<\/title>\n<meta name=\"description\" content=\"Hier findest du die Allgemeinen Gesch\u00e4ftsbedingungen (AGB) der AlpenPionier AG. Bei Fragen stehen wir euch gerne zur Verf\u00fcgung.\" \/>\n<meta name=\"robots\" content=\"noindex, follow\" \/>\n<meta property=\"og:locale\" content=\"fr_FR\" \/>\n<meta property=\"og:type\" content=\"article\" \/>\n<meta property=\"og:title\" content=\"Allgemeine Gesch\u00e4ftsbedingungen - AGB - AlpenPionier\" \/>\n<meta property=\"og:description\" content=\"Hier findest du die Allgemeinen Gesch\u00e4ftsbedingungen (AGB) der AlpenPionier AG. Bei Fragen stehen wir euch gerne zur Verf\u00fcgung.\" \/>\n<meta property=\"og:url\" content=\"https:\/\/alpenpionier.ch\/fr\/agb\/\" \/>\n<meta property=\"og:site_name\" content=\"AlpenPionier\" \/>\n<meta property=\"article:publisher\" content=\"https:\/\/www.facebook.com\/alpenpionier\/\" \/>\n<meta property=\"article:modified_time\" content=\"2024-07-23T20:43:13+00:00\" \/>\n<meta name=\"twitter:card\" content=\"summary_large_image\" \/>\n<meta name=\"twitter:label1\" content=\"Dur\u00e9e de lecture estim\u00e9e\" \/>\n\t<meta name=\"twitter:data1\" content=\"6 minutes\" \/>\n<script type=\"application\/ld+json\" class=\"yoast-schema-graph\">{\"@context\":\"https:\\\/\\\/schema.org\",\"@graph\":[{\"@type\":\"WebPage\",\"@id\":\"https:\\\/\\\/alpenpionier.ch\\\/fr\\\/agb\\\/\",\"url\":\"https:\\\/\\\/alpenpionier.ch\\\/fr\\\/agb\\\/\",\"name\":\"Allgemeine Gesch\u00e4ftsbedingungen - AGB - AlpenPionier\",\"isPartOf\":{\"@id\":\"https:\\\/\\\/alpenpionier.ch\\\/fr\\\/#website\"},\"datePublished\":\"2020-09-23T11:00:05+00:00\",\"dateModified\":\"2024-07-23T20:43:13+00:00\",\"description\":\"Hier findest du die Allgemeinen Gesch\u00e4ftsbedingungen (AGB) der AlpenPionier AG. Bei Fragen stehen wir euch gerne zur Verf\u00fcgung.\",\"breadcrumb\":{\"@id\":\"https:\\\/\\\/alpenpionier.ch\\\/fr\\\/agb\\\/#breadcrumb\"},\"inLanguage\":\"fr-FR\",\"potentialAction\":[{\"@type\":\"ReadAction\",\"target\":[\"https:\\\/\\\/alpenpionier.ch\\\/fr\\\/agb\\\/\"]}]},{\"@type\":\"BreadcrumbList\",\"@id\":\"https:\\\/\\\/alpenpionier.ch\\\/fr\\\/agb\\\/#breadcrumb\",\"itemListElement\":[{\"@type\":\"ListItem\",\"position\":1,\"name\":\"Startseite\",\"item\":\"https:\\\/\\\/alpenpionier.ch\\\/fr\\\/\"},{\"@type\":\"ListItem\",\"position\":2,\"name\":\"AGB\"}]},{\"@type\":\"WebSite\",\"@id\":\"https:\\\/\\\/alpenpionier.ch\\\/fr\\\/#website\",\"url\":\"https:\\\/\\\/alpenpionier.ch\\\/fr\\\/\",\"name\":\"AlpenPionier\",\"description\":\"Lebensmittelhanf von AlpenPionier\",\"publisher\":{\"@id\":\"https:\\\/\\\/alpenpionier.ch\\\/fr\\\/#organization\"},\"potentialAction\":[{\"@type\":\"SearchAction\",\"target\":{\"@type\":\"EntryPoint\",\"urlTemplate\":\"https:\\\/\\\/alpenpionier.ch\\\/fr\\\/?s={search_term_string}\"},\"query-input\":{\"@type\":\"PropertyValueSpecification\",\"valueRequired\":true,\"valueName\":\"search_term_string\"}}],\"inLanguage\":\"fr-FR\"},{\"@type\":\"Organization\",\"@id\":\"https:\\\/\\\/alpenpionier.ch\\\/fr\\\/#organization\",\"name\":\"AlpenPionier\",\"url\":\"https:\\\/\\\/alpenpionier.ch\\\/fr\\\/\",\"logo\":{\"@type\":\"ImageObject\",\"inLanguage\":\"fr-FR\",\"@id\":\"https:\\\/\\\/alpenpionier.ch\\\/fr\\\/#\\\/schema\\\/logo\\\/image\\\/\",\"url\":\"https:\\\/\\\/alpenpionier.ch\\\/wp-content\\\/uploads\\\/LogoAlpenPionier-e1556913896416.png\",\"contentUrl\":\"https:\\\/\\\/alpenpionier.ch\\\/wp-content\\\/uploads\\\/LogoAlpenPionier-e1556913896416.png\",\"width\":894,\"height\":615,\"caption\":\"AlpenPionier\"},\"image\":{\"@id\":\"https:\\\/\\\/alpenpionier.ch\\\/fr\\\/#\\\/schema\\\/logo\\\/image\\\/\"},\"sameAs\":[\"https:\\\/\\\/www.facebook.com\\\/alpenpionier\\\/\",\"https:\\\/\\\/www.instagram.com\\\/alpenpionier\\\/\",\"https:\\\/\\\/www.linkedin.com\\\/company\\\/alpenpionier-ag\",\"https:\\\/\\\/www.youtube.com\\\/channel\\\/UCz3va7MUfsimozP3EiXIJDg\"]}]}<\/script>\n<!-- \/ Yoast SEO plugin. -->","yoast_head_json":{"title":"Allgemeine Gesch\u00e4ftsbedingungen - AGB - AlpenPionier","description":"Hier findest du die Allgemeinen Gesch\u00e4ftsbedingungen (AGB) der AlpenPionier AG. Bei Fragen stehen wir euch gerne zur Verf\u00fcgung.","robots":{"index":"noindex","follow":"follow"},"og_locale":"fr_FR","og_type":"article","og_title":"Allgemeine Gesch\u00e4ftsbedingungen - AGB - AlpenPionier","og_description":"Hier findest du die Allgemeinen Gesch\u00e4ftsbedingungen (AGB) der AlpenPionier AG. Bei Fragen stehen wir euch gerne zur Verf\u00fcgung.","og_url":"https:\/\/alpenpionier.ch\/fr\/agb\/","og_site_name":"AlpenPionier","article_publisher":"https:\/\/www.facebook.com\/alpenpionier\/","article_modified_time":"2024-07-23T20:43:13+00:00","twitter_card":"summary_large_image","twitter_misc":{"Dur\u00e9e de lecture estim\u00e9e":"6 minutes"},"schema":{"@context":"https:\/\/schema.org","@graph":[{"@type":"WebPage","@id":"https:\/\/alpenpionier.ch\/fr\/agb\/","url":"https:\/\/alpenpionier.ch\/fr\/agb\/","name":"Allgemeine Gesch\u00e4ftsbedingungen - AGB - AlpenPionier","isPartOf":{"@id":"https:\/\/alpenpionier.ch\/fr\/#website"},"datePublished":"2020-09-23T11:00:05+00:00","dateModified":"2024-07-23T20:43:13+00:00","description":"Hier findest du die Allgemeinen Gesch\u00e4ftsbedingungen (AGB) der AlpenPionier AG. Bei Fragen stehen wir euch gerne zur Verf\u00fcgung.","breadcrumb":{"@id":"https:\/\/alpenpionier.ch\/fr\/agb\/#breadcrumb"},"inLanguage":"fr-FR","potentialAction":[{"@type":"ReadAction","target":["https:\/\/alpenpionier.ch\/fr\/agb\/"]}]},{"@type":"BreadcrumbList","@id":"https:\/\/alpenpionier.ch\/fr\/agb\/#breadcrumb","itemListElement":[{"@type":"ListItem","position":1,"name":"Startseite","item":"https:\/\/alpenpionier.ch\/fr\/"},{"@type":"ListItem","position":2,"name":"AGB"}]},{"@type":"WebSite","@id":"https:\/\/alpenpionier.ch\/fr\/#website","url":"https:\/\/alpenpionier.ch\/fr\/","name":"AlpenPionier","description":"Lebensmittelhanf von AlpenPionier","publisher":{"@id":"https:\/\/alpenpionier.ch\/fr\/#organization"},"potentialAction":[{"@type":"SearchAction","target":{"@type":"EntryPoint","urlTemplate":"https:\/\/alpenpionier.ch\/fr\/?s={search_term_string}"},"query-input":{"@type":"PropertyValueSpecification","valueRequired":true,"valueName":"search_term_string"}}],"inLanguage":"fr-FR"},{"@type":"Organization","@id":"https:\/\/alpenpionier.ch\/fr\/#organization","name":"AlpenPionier","url":"https:\/\/alpenpionier.ch\/fr\/","logo":{"@type":"ImageObject","inLanguage":"fr-FR","@id":"https:\/\/alpenpionier.ch\/fr\/#\/schema\/logo\/image\/","url":"https:\/\/alpenpionier.ch\/wp-content\/uploads\/LogoAlpenPionier-e1556913896416.png","contentUrl":"https:\/\/alpenpionier.ch\/wp-content\/uploads\/LogoAlpenPionier-e1556913896416.png","width":894,"height":615,"caption":"AlpenPionier"},"image":{"@id":"https:\/\/alpenpionier.ch\/fr\/#\/schema\/logo\/image\/"},"sameAs":["https:\/\/www.facebook.com\/alpenpionier\/","https:\/\/www.instagram.com\/alpenpionier\/","https:\/\/www.linkedin.com\/company\/alpenpionier-ag","https:\/\/www.youtube.com\/channel\/UCz3va7MUfsimozP3EiXIJDg"]}]}},"_links":{"self":[{"href":"https:\/\/alpenpionier.ch\/fr\/wp-json\/wp\/v2\/pages\/7649","targetHints":{"allow":["GET"]}}],"collection":[{"href":"https:\/\/alpenpionier.ch\/fr\/wp-json\/wp\/v2\/pages"}],"about":[{"href":"https:\/\/alpenpionier.ch\/fr\/wp-json\/wp\/v2\/types\/page"}],"author":[{"embeddable":true,"href":"https:\/\/alpenpionier.ch\/fr\/wp-json\/wp\/v2\/users\/2"}],"replies":[{"embeddable":true,"href":"https:\/\/alpenpionier.ch\/fr\/wp-json\/wp\/v2\/comments?post=7649"}],"version-history":[{"count":4,"href":"https:\/\/alpenpionier.ch\/fr\/wp-json\/wp\/v2\/pages\/7649\/revisions"}],"predecessor-version":[{"id":10962,"href":"https:\/\/alpenpionier.ch\/fr\/wp-json\/wp\/v2\/pages\/7649\/revisions\/10962"}],"wp:attachment":[{"href":"https:\/\/alpenpionier.ch\/fr\/wp-json\/wp\/v2\/media?parent=7649"}],"curies":[{"name":"wp","href":"https:\/\/api.w.org\/{rel}","templated":true}]}}